{"id":13,"date":"2024-12-29T15:06:10","date_gmt":"2024-12-29T15:06:10","guid":{"rendered":"https:\/\/guneyazerbaycan.org\/?page_id=13"},"modified":"2025-01-09T22:22:49","modified_gmt":"2025-01-09T22:22:49","slug":"guney-azerbaycan-milli-hereketinin-esaslari","status":"publish","type":"page","link":"https:\/\/www.guneyazerbaycan.org\/azb\/","title":{"rendered":"\u06af\u0648\u0646\u0626\u06cc \u0622\u0630\u0631\u0628\u0627\u06cc\u062c\u0627\u0646"},"content":{"rendered":"\n<p class=\"has-text-align-right\">\u06af\u0648\u0646\u0626\u06cc \u0622\u0630\u0631\u0628\u0627\u06cc\u062c\u0627\u0646 \u0645\u06cc\u0644\u0644\u06cc \u062d\u0631\u06a9\u062a\u06cc\u200c\u0646\u06cc\u0646 \u0627\u0633\u0627\u0633\u200c\u0644\u0627\u0631\u06cc \u0646\u0647\u200c\u062f\u06cc\u0631\u061f \u0646\u0647 \u0627\u0648\u0686\u0648\u0646 \u0645\u062c\u0627\u062f\u0644\u0647 \u0627\u0626\u062f\u06cc\u0631\u06cc\u06a9\u061f \u0645\u06cc\u0644\u0644\u06cc \u062f\u0648\u0644\u062a \u0647\u062f\u0641\u06cc\u0645\u06cc\u0632\u060c \u0627\u06cc\u0644\u06a9\u0647\u200c\u0644\u0631\u06cc\u0645\u06cc\u0632 \u0648 \u0627\u0633\u062a\u0631\u0627\u062a\u0698\u06cc\u200c\u0644\u0631\u06cc\u0645\u06cc\u0632 \u0646\u0647\u200c\u062f\u06cc\u0631\u061f<\/p>\n\n\n\n<div class=\"wp-block-columns is-layout-flex wp-container-core-columns-is-layout-1 wp-block-columns-is-layout-flex\">\n<div class=\"wp-block-column is-layout-flow wp-block-column-is-layout-flow\">\n<figure class=\"wp-block-image size-full\"><a href=\"\/azb\/dan-ulduzu\/\"><img loading=\"lazy\" decoding=\"async\" width=\"626\" height=\"849\" src=\"https:\/\/www.guneyazerbaycan.org\/wp-content\/uploads\/2024\/12\/guney-cenubi-azerbaycan.png\" alt=\"\u062f\u0627\u0646 \u0627\u0648\u0644\u062f\u0648\u0632\u0648- \u06af\u0648\u0646\u0626\u06cc \u0622\u0630\u0631\u0628\u0627\u06cc\u062c\u0627\u0646 \u0645\u06cc\u0644\u0644\u06cc \u062e\u0631\u06a9\u062a\u06cc\u200c\u0646\u06cc\u0646 \u0627\u0633\u0627\u0633\u200c\u0644\u0627\u0631\u06cc\" class=\"wp-image-112\" style=\"aspect-ratio:9\/16;object-fit:cover\" srcset=\"https:\/\/www.guneyazerbaycan.org\/wp-content\/uploads\/2024\/12\/guney-cenubi-azerbaycan.png 626w, https:\/\/www.guneyazerbaycan.org\/wp-content\/uploads\/2024\/12\/guney-cenubi-azerbaycan-221x300.png 221w\" sizes=\"auto, (max-width: 626px) 100vw, 626px\" \/><\/a><\/figure>\n\n\n\n<p class=\"has-text-align-center\"><a href=\"\/azb\/dan-ulduzu\/\" title=\"\u06af\u0648\u0646\u0626\u06cc \u0622\u0630\u0631\u0628\u0627\u06cc\u062c\u0627\u0646 \u0645\u06cc\u0644\u0644\u06cc \u062d\u0631\u06a9\u062a\u06cc\u200c\u0646\u06cc\u0646 \n\u0627\u0633\u0627\u0633\u200c\u0644\u0627\u0631\u06cc\">\u06af\u0648\u0646\u0626\u06cc \u0622\u0630\u0631\u0628\u0627\u06cc\u062c\u0627\u0646 \u0645\u06cc\u0644\u0644\u06cc \u062d\u0631\u06a9\u062a\u06cc\u200c\u0646\u06cc\u0646 <br>\u0627\u0633\u0627\u0633\u200c\u0644\u0627\u0631\u06cc<\/a><\/p>\n\n\n\n<p class=\"has-text-align-center\"><a href=\"\/danulduzu\/danulduzu-azb.pdf\" title=\"danulduzu-azb.pdf\">danulduzu-azb.pdf<\/a><\/p>\n<\/div>\n\n\n\n<div class=\"wp-block-column is-layout-flow wp-block-column-is-layout-flow\">\n<figure class=\"wp-block-image size-full\"><a href=\"\/dan-ulduzu\/\"><img loading=\"lazy\" decoding=\"async\" width=\"601\" height=\"843\" src=\"https:\/\/www.guneyazerbaycan.org\/wp-content\/uploads\/2024\/12\/guney-azerbaycan-turleri-iran.png\" alt=\"\u06af\u0648\u0646\u0626\u06cc \u0622\u0630\u0631\u0628\u0627\u06cc\u062c\u0627\u0646 \u062a\u0648\u0631\u06a9\u0644\u0631\u06cc \u062a\u0631\u0627\u062e\u062a\u0648\u0631 \u062a\u0631\u0627\u06a9\u062a\u0648\u0631\" class=\"wp-image-113\" style=\"aspect-ratio:9\/16;object-fit:cover\" srcset=\"https:\/\/www.guneyazerbaycan.org\/wp-content\/uploads\/2024\/12\/guney-azerbaycan-turleri-iran.png 601w, https:\/\/www.guneyazerbaycan.org\/wp-content\/uploads\/2024\/12\/guney-azerbaycan-turleri-iran-214x300.png 214w\" sizes=\"auto, (max-width: 601px) 100vw, 601px\" \/><\/a><\/figure>\n\n\n\n<p class=\"has-text-align-center\"><a href=\"\/dan-ulduzu\/\" title=\"G\u00fcney Az\u0259rbaycan Milli H\u0259r\u0259k\u0259tinin \u018fsaslar\u0131\">G\u00fcney Az\u0259rbaycan Milli H\u0259r\u0259k\u0259tinin \u018fsaslar\u0131<\/a><\/p>\n\n\n\n<p class=\"has-text-align-center\"><a href=\"\/danulduzu\/danulduzu-az.pdf\" title=\"\">danulduzu-az.pdf<\/a><\/p>\n<\/div>\n\n\n\n<div class=\"wp-block-column is-layout-flow wp-block-column-is-layout-flow\">\n<figure class=\"wp-block-image size-full\"><a href=\"\/tr\/dan-ulduzu\/\"><img loading=\"lazy\" decoding=\"async\" width=\"526\" height=\"815\" src=\"https:\/\/www.guneyazerbaycan.org\/wp-content\/uploads\/2024\/12\/guney-azerbaycan-turk-iran-dan-ulduzu-1.png\" alt=\"\u0622\u0630\u0631\u0628\u0627\u06cc\u062c\u0627\u0646 \u062c\u0646\u0648\u0628\u06cc \u062a\u0631\u06a9\u0647\u0627\u06cc \u0627\u06cc\u0631\u0627\u0646 \u0627\u0633\u062a\u0642\u0644\u0627\u0644 \u0637\u0644\u0628 \u0647\u0648\u06cc\u062a \u0637\u0644\u0628\" class=\"wp-image-115\" style=\"aspect-ratio:9\/16;object-fit:cover\" srcset=\"https:\/\/www.guneyazerbaycan.org\/wp-content\/uploads\/2024\/12\/guney-azerbaycan-turk-iran-dan-ulduzu-1.png 526w, https:\/\/www.guneyazerbaycan.org\/wp-content\/uploads\/2024\/12\/guney-azerbaycan-turk-iran-dan-ulduzu-1-194x300.png 194w\" sizes=\"auto, (max-width: 526px) 100vw, 526px\" \/><\/a><\/figure>\n\n\n\n<p class=\"has-text-align-center\"><a href=\"\/tr\/dan-ulduzu\/\" title=\"\">G\u00fcney Azerbaycan Milli Hereketinin Esaslar\u0131<\/a><\/p>\n\n\n\n<p class=\"has-text-align-center\"><a href=\"\/danulduzu\/danulduzu-tr.pdf\" title=\"\">danulduzu-tr.pdf<\/a><\/p>\n<\/div>\n<\/div>\n","protected":false},"excerpt":{"rendered":"<p>\u06af\u0648\u0646\u0626\u06cc \u0622\u0630\u0631\u0628\u0627\u06cc\u062c\u0627\u0646 \u0645\u06cc\u0644\u0644\u06cc \u062d\u0631\u06a9\u062a\u06cc\u200c\u0646\u06cc\u0646 \u0627\u0633\u0627\u0633\u200c\u0644\u0627\u0631\u06cc \u0646\u0647\u200c\u062f\u06cc\u0631\u061f \u0646\u0647 \u0627\u0648\u0686\u0648\u0646 \u0645\u062c\u0627\u062f\u0644\u0647 \u0627\u0626\u062f\u06cc\u0631\u06cc\u06a9\u061f \u0645\u06cc\u0644\u0644\u06cc \u062f\u0648\u0644\u062a \u0647\u062f\u0641\u06cc\u0645\u06cc\u0632\u060c \u0627\u06cc\u0644\u06a9\u0647\u200c\u0644\u0631\u06cc\u0645\u06cc\u0632 \u0648 \u0627\u0633\u062a\u0631\u0627\u062a\u0698\u06cc\u200c\u0644\u0631\u06cc\u0645\u06cc\u0632 \u0646\u0647\u200c\u062f\u06cc\u0631\u061f \u06af\u0648\u0646\u0626\u06cc \u0622\u0630\u0631\u0628\u0627\u06cc\u062c\u0627\u0646 \u0645\u06cc\u0644\u0644\u06cc \u062d\u0631\u06a9\u062a\u06cc\u200c\u0646\u06cc\u0646 \u0627\u0633\u0627\u0633\u200c\u0644\u0627\u0631\u06cc danulduzu-azb.pdf G\u00fcney Az\u0259rbaycan Milli H\u0259r\u0259k\u0259tinin \u018fsaslar\u0131 danulduzu-az.pdf G\u00fcney Azerbaycan Milli Hereketinin Esaslar\u0131 danulduzu-tr.pdf<\/p>\n","protected":false},"author":1,"featured_media":112,"parent":0,"menu_order":0,"comment_status":"closed","ping_status":"closed","template":"","meta":{"footnotes":""},"class_list":["post-13","page","type-page","status-publish","has-post-thumbnail","hentry"],"_links":{"self":[{"href":"https:\/\/www.guneyazerbaycan.org\/azb\/wp-json\/wp\/v2\/pages\/13","targetHints":{"allow":["GET"]}}],"collection":[{"href":"https:\/\/www.guneyazerbaycan.org\/azb\/wp-json\/wp\/v2\/pages"}],"about":[{"href":"https:\/\/www.guneyazerbaycan.org\/azb\/wp-json\/wp\/v2\/types\/page"}],"author":[{"embeddable":true,"href":"https:\/\/www.guneyazerbaycan.org\/azb\/wp-json\/wp\/v2\/users\/1"}],"replies":[{"embeddable":true,"href":"https:\/\/www.guneyazerbaycan.org\/azb\/wp-json\/wp\/v2\/comments?post=13"}],"version-history":[{"count":18,"href":"https:\/\/www.guneyazerbaycan.org\/azb\/wp-json\/wp\/v2\/pages\/13\/revisions"}],"predecessor-version":[{"id":419,"href":"https:\/\/www.guneyazerbaycan.org\/azb\/wp-json\/wp\/v2\/pages\/13\/revisions\/419"}],"wp:featuredmedia":[{"embeddable":true,"href":"https:\/\/www.guneyazerbaycan.org\/azb\/wp-json\/wp\/v2\/media\/112"}],"wp:attachment":[{"href":"https:\/\/www.guneyazerbaycan.org\/azb\/wp-json\/wp\/v2\/media?parent=13"}],"curies":[{"name":"wp","href":"https:\/\/api.w.org\/{rel}","templated":true}]}}