{"id":223,"date":"2025-01-01T22:43:09","date_gmt":"2025-01-01T22:43:09","guid":{"rendered":"https:\/\/www.guneyazerbaycan.org\/?page_id=223"},"modified":"2025-02-02T16:23:01","modified_gmt":"2025-02-02T16:23:01","slug":"milli-hedefden-caymamak","status":"publish","type":"page","link":"https:\/\/www.guneyazerbaycan.org\/tr\/dan-ulduzu\/amac\/milli-hedefden-caymamak\/","title":{"rendered":"Milli Hedeften Caymamak"},"content":{"rendered":"\n<p>M\u00fccadele s\u0131ras\u0131nda g\u00fcnl\u00fck olaylara kap\u0131l\u0131p tek amac\u0131m\u0131z\u0131 unutmamal\u0131y\u0131z. Milli hareketin hedefi, G\u00fcney Azerbaycan devletini yeniden kurmakt\u0131r. Att\u0131\u011f\u0131m\u0131z her ad\u0131m ve s\u00f6yledi\u011fimiz her s\u00f6z, bizi bu hedefe yakla\u015ft\u0131rmal\u0131d\u0131r. G\u00fcney Azerbaycan milli hareketi, \u0130ran rejiminin i\u00e7 ve d\u0131\u015f muhalefeti ile ayn\u0131 hedefi g\u00fctm\u00fcyor. Onlar \u0130ran ve \u0130ran devlet\u00e7ili\u011fini koruyup, daha g\u00fc\u00e7l\u00fc yapmak i\u00e7in, rejimin de\u011fi\u015fmesini istiyorlar. Onlar sadece h\u00fck\u00fcmete kar\u015f\u0131d\u0131rlar, \u0130ranc\u0131l\u0131k ve Fars fa\u015fizmine de\u011fil. Milli hareketimiz ise, bu adaletsizlikler ve felaketin sebebini, \u0130ran devlet\u00e7ili\u011fi ve onun kurulu\u015f felsefesi olan Fars fa\u015fizminde g\u00f6r\u00fcyor. Do\u011frudur ki, \u0130ran h\u00fck\u00fcmeti ne kadar g\u00fc\u00e7s\u00fcz, beceriksiz ve me\u015fruiyetsiz olsa, G\u00fcney Azerbaycan milli hareketinin ba\u015far\u0131s\u0131 ve milli devletimizin kurulmas\u0131 o kadar az maliyetle olacak. Ancak rejimin y\u0131k\u0131lmas\u0131 ya da de\u011fi\u015fmesi, tek ba\u015f\u0131na bizi felaketten kurtarmayacak. Onun yerine gelen her h\u00fck\u00fcmet, yine de \u0130ranc\u0131l\u0131k fa\u015fizmi ile, Azerbaycan&#8217;\u0131 ezmeye \u00e7al\u0131\u015f\u0131p, ondan daha fa\u015fist ve adaletsiz olabilir. G\u00fcney Azerbaycan&#8217;\u0131n kurtulu\u015fu, yaln\u0131z \u0130ran devlet\u00e7ili\u011finden kurtulup kendi devletimizi kurmaktan ge\u00e7er. G\u00fcney Azerbaycan&#8217;\u0131, milli devlete lay\u0131k bir millet olarak kabul etmeyen muhalefet \u00f6rg\u00fctleri ve liderleri ile ortak plan kurup, birlikte hareket etmek anlams\u0131zd\u0131r ve milli hareketimize zarar verir. Herkesle anla\u015fmak ve orta yol bulmak, her zaman do\u011fru bir strateji de\u011fildir. Kuzeye gitmek isteyen biri, ayn\u0131 zamanda g\u00fcneye gidemez ya da g\u00fcneye giden biri ile ortak yol plan\u0131 kurup harekete ge\u00e7emez.<\/p>\n\n\n\n<p>Hi\u00e7bir kurum, kurulu\u015f, \u00f6rg\u00fct, parti vb. ne kadar kapsaml\u0131 olursa olsun G\u00fcney Azerbaycan milletini temsil edemez ve G\u00fcney Azerbaycan&#8217;\u0131n kaderi ile ilgili karar alamaz. G\u00fcney Azerbaycan&#8217;\u0131n kaderi ve topraklar\u0131 konusunda, merkezci muhalefet ve di\u011fer etnik gruplar\u0131n \u00f6rg\u00fctleri ile m\u00fczakereye giremez. Zaten o \u00f6rg\u00fctler de kendi halklar\u0131n\u0131 temsil edecek durumda de\u011filler ve mensup olduklar\u0131 halklar taraf\u0131ndan karar verecek etki ve yetkiye sahip de\u011filler. Yaln\u0131z G\u00fcney Azerbaycan&#8217;\u0131 temsil eden bir devlet oldu\u011funda, o devlet, di\u011fer devletlerle m\u00fczakereye girebilir ve G\u00fcney Azerbaycan&#8217;\u0131n topraklar\u0131 ve kaderi ile ilgili karar alabilir. Bunun i\u00e7in milli devletimiz kurulana kadar, G\u00fcney Azerbaycan milli hareketine mensup \u00f6rg\u00fctler ve milli aktivistler, yaln\u0131z ve yaln\u0131z, G\u00fcney Azerbaycan milli devletinin kurulmas\u0131na odaklanmal\u0131d\u0131r ve ona ula\u015fmak i\u00e7in m\u00fccadele etmelidir.<\/p>\n","protected":false},"excerpt":{"rendered":"<p>M\u00fccadele s\u0131ras\u0131nda g\u00fcnl\u00fck olaylara kap\u0131l\u0131p tek amac\u0131m\u0131z\u0131 unutmamal\u0131y\u0131z. Milli hareketin hedefi, G\u00fcney Azerbaycan devletini yeniden kurmakt\u0131r. Att\u0131\u011f\u0131m\u0131z her ad\u0131m ve s\u00f6yledi\u011fimiz her s\u00f6z, bizi bu hedefe yakla\u015ft\u0131rmal\u0131d\u0131r. G\u00fcney Azerbaycan milli hareketi, \u0130ran rejiminin i\u00e7 ve d\u0131\u015f muhalefeti ile ayn\u0131 hedefi g\u00fctm\u00fcyor. Onlar \u0130ran ve \u0130ran devlet\u00e7ili\u011fini koruyup, daha g\u00fc\u00e7l\u00fc yapmak i\u00e7in, rejimin de\u011fi\u015fmesini istiyorlar. Onlar [&hellip;]<\/p>\n","protected":false},"author":1,"featured_media":467,"parent":177,"menu_order":0,"comment_status":"closed","ping_status":"closed","template":"danulduzu","meta":{"footnotes":""},"class_list":["post-223","page","type-page","status-publish","has-post-thumbnail","hentry"],"_links":{"self":[{"href":"https:\/\/www.guneyazerbaycan.org\/tr\/wp-json\/wp\/v2\/pages\/223","targetHints":{"allow":["GET"]}}],"collection":[{"href":"https:\/\/www.guneyazerbaycan.org\/tr\/wp-json\/wp\/v2\/pages"}],"about":[{"href":"https:\/\/www.guneyazerbaycan.org\/tr\/wp-json\/wp\/v2\/types\/page"}],"author":[{"embeddable":true,"href":"https:\/\/www.guneyazerbaycan.org\/tr\/wp-json\/wp\/v2\/users\/1"}],"replies":[{"embeddable":true,"href":"https:\/\/www.guneyazerbaycan.org\/tr\/wp-json\/wp\/v2\/comments?post=223"}],"version-history":[{"count":10,"href":"https:\/\/www.guneyazerbaycan.org\/tr\/wp-json\/wp\/v2\/pages\/223\/revisions"}],"predecessor-version":[{"id":540,"href":"https:\/\/www.guneyazerbaycan.org\/tr\/wp-json\/wp\/v2\/pages\/223\/revisions\/540"}],"up":[{"embeddable":true,"href":"https:\/\/www.guneyazerbaycan.org\/tr\/wp-json\/wp\/v2\/pages\/177"}],"wp:featuredmedia":[{"embeddable":true,"href":"https:\/\/www.guneyazerbaycan.org\/tr\/wp-json\/wp\/v2\/media\/467"}],"wp:attachment":[{"href":"https:\/\/www.guneyazerbaycan.org\/tr\/wp-json\/wp\/v2\/media?parent=223"}],"curies":[{"name":"wp","href":"https:\/\/api.w.org\/{rel}","templated":true}]}}