{"id":229,"date":"2025-01-01T22:56:10","date_gmt":"2025-01-01T22:56:10","guid":{"rendered":"https:\/\/www.guneyazerbaycan.org\/?page_id=229"},"modified":"2025-02-02T16:27:16","modified_gmt":"2025-02-02T16:27:16","slug":"ilkeler","status":"publish","type":"page","link":"https:\/\/www.guneyazerbaycan.org\/tr\/dan-ulduzu\/ilkeler\/","title":{"rendered":"\u0130lkeler"},"content":{"rendered":"\n<p>\u0130lkeler, milli hareketimizin tart\u0131\u015fmas\u0131z kabul edilen ana d\u00fc\u015f\u00fcncesi, \u00f6nc\u00fc prensipleri ve y\u00f6ntemleridir. Bu ilkeler G\u00fcney Azerbaycan milli hareketinin temelini olu\u015fturur ve hareketimizin hedefine ula\u015fmas\u0131nda \u00f6nemli bir rol oynar. Onlar duru\u015fumuzun k\u00f6k\u00fc, karakterimizin omurgas\u0131, do\u011fru yolu bulman\u0131n pusulas\u0131 ve m\u00fccadelemizin yasalar\u0131d\u0131r. \u0130lkeler, y\u0131ld\u0131zlar gibi yolumuzu g\u00f6sterip, milli hareketimizi belirsizliklerden ve karma\u015falardan kurtar\u0131p, d\u00fczeni ve uyumu sa\u011flar. En \u00e7alkant\u0131l\u0131 zamanlar\u0131m\u0131zda bile, ilkelerimize dayanarak, hareket etmeliyiz ve ilkeler s\u00f6z konusu oldu\u011funda \u00f6d\u00fcn vermeden da\u011f gibi durmal\u0131y\u0131z.<\/p>\n\n\n\n<p>\u0130lkeler, alaca\u011f\u0131m\u0131z kararlar\u0131n yasalar\u0131d\u0131r, her hareketimiz ve davran\u0131\u015f\u0131m\u0131z, onlara dayal\u0131 ve hedefimize do\u011fru olmal\u0131d\u0131r. Yani T\u00fcrkl\u00fc\u011fe, Azerbaycan&#8217;a ve halk\u0131m\u0131za dayanarak, adalet, \u00f6zg\u00fcrl\u00fck ve ahlaki de\u011ferleri dikkate alarak, te\u015fkilat ruhuna sar\u0131larak, yenilik\u00e7i planlarla, milli hedefe do\u011fru harekete ge\u00e7ip, m\u00fccadele etmeliyiz. Milli devlet and\u0131m\u0131z, ilkeler ise \u00f6nceliklerimizdir. \u00d6ncelikler, farkl\u0131 insanlar veya te\u015fkilatlarda, farkl\u0131 derecede olabilir. Sol d\u00fc\u015f\u00fcnceli biri i\u00e7in adaletin daha \u00e7ok \u00f6nemi olur, liberaller i\u00e7in \u00f6zg\u00fcrl\u00fc\u011f\u00fcn, T\u00fcrk\u00e7\u00fcler i\u00e7in T\u00fcrkl\u00fc\u011f\u00fcn, vatanseverler i\u00e7in Azerbaycan&#8217;\u0131n, dindarlar i\u00e7in ahlak\u0131n. Bunlar\u0131n hepsi, di\u011fer ilkelere kar\u015f\u0131 olmay\u0131p milli hedefimiz do\u011frultusunda olduk\u00e7a, normald\u0131r ve hareketimizin i\u00e7inde de\u011ferlendirilir. Ancak bu ilkeler bir b\u00fct\u00fcnd\u00fcr ve yolumuzu ayd\u0131nlatan y\u0131ld\u0131zlard\u0131r. G\u00fcney Azerbaycan yerine \u0130ran ve \u0130ranc\u0131l\u0131k i\u00e7in m\u00fccadele etmek ya da ilkelerimizin herhangi birine kar\u015f\u0131 olmak ya da onlardan birini hedef yerine koyup, yaln\u0131z onun i\u00e7in m\u00fccadele etmenin ad\u0131 G\u00fcney Azerbaycan milli hareketi de\u011fildir. Buradan yola \u00e7\u0131karak, sa\u011f, sol, liberal, feminist, laik, dindar vb. d\u00fc\u015f\u00fcnce ve okullar\u0131 de\u011ferlendirmek i\u00e7in, G\u00fcney Azerbaycanl\u0131 olmak ile G\u00fcney Azerbaycanl\u0131 olmay\u0131 ay\u0131rmal\u0131y\u0131z. G\u00fcney Azerbaycan&#8217;\u0131n sa\u011f\u0131, solu, liberali, laiki, dindar\u0131, feministi, do\u011fac\u0131s\u0131 vb., G\u00fcney Azerbaycan milli hareketinin ger\u00e7ek sahipleridir. Ama do\u011fum yeri sebebiyle Azerbaycanl\u0131 olup hatta T\u00fcrk\u00e7eyi \u00e7ok iyi bilen, \u0130ran solcusu, \u0130ran sa\u011fc\u0131s\u0131, \u0130ran T\u00fcrk\u00e7\u00fcs\u00fc, \u0130ran liberali, \u0130ran laiki, \u0130ran dindar\u0131 vb., G\u00fcney Azerbaycan milli hareketinden de\u011fildir, hatta milli hareketimize en b\u00fcy\u00fck zarar verenlerdendir. \u00c7\u00fcnk\u00fc onlar milletimizin hakl\u0131 taleplerine kar\u015f\u0131, fa\u015fistlerin elindeki en g\u00fc\u00e7l\u00fc sopalard\u0131r. G\u00fcney Azerbaycan i\u00e7in y\u00fcre\u011fi \u00e7arpan, ilkelerimize kar\u015f\u0131 olmayan, G\u00fcney Azerbaycan&#8217;\u0131n milli devletinin kurulmas\u0131 i\u00e7in m\u00fccadele eden herkes ve te\u015fkilat, G\u00fcney Azerbaycan milli hareketinin bir par\u00e7as\u0131 ve sahibidir. G\u00fcney Azerbaycan&#8217;da kurulacak devletin sa\u011f, sol, liberal, laik vb. d\u00fc\u015f\u00fcnce temelinde y\u00f6netilmesini istemek de her G\u00fcney Azerbaycan milli faal\u0131n\u0131n do\u011fal hakk\u0131d\u0131r.<\/p>\n\n\n\n<p>\u0130lkelerimizin birini hedef olarak g\u00f6sterip, G\u00fcney Azerbaycan milli hareketinin ger\u00e7ek hedefinden ve di\u011fer ilkelerinden ge\u00e7mek, bizi hem ger\u00e7ek hedefimizden, hem de ilkelerimizden uzakla\u015ft\u0131r\u0131r ve milletimiz i\u00e7in de hi\u00e7bir faydas\u0131 olmaz. G\u00fcney Azerbaycan milli hareketi, yaln\u0131z demokrasi i\u00e7in m\u00fccadele eden, yaln\u0131z adalet i\u00e7in m\u00fccadele eden, hatta yaln\u0131z rejimi y\u0131kmak i\u00e7in m\u00fccadele eden bir hareket de\u011fildir. G\u00fcney Azerbaycan milli hareketi, demokratik, \u00e7a\u011fda\u015f ve insani ilkelere dayanan bir kurtulu\u015f m\u00fccadelesidir, demokrasi, adalet ya da e\u015fitlik \u015f\u00f6valyesi de\u011fildir. Biz \u0130ran&#8217;da veya herhangi bir co\u011frafyada olan h\u00fck\u00fcmetlerin adil ve daha demokratik olmas\u0131n\u0131 destekliyoruz. Ama onun i\u00e7in sava\u015fm\u0131yoruz, \u00f6yle bir davam\u0131z ve hedefimiz de olamaz. \u00d6yle bir dava, yaln\u0131z milli devletimiz kurulduktan sonra olabilir. Milli devletimiz olduktan sonra, kendi devletimizin daha demokratik ve adil olmas\u0131 i\u00e7in, modern partiler kurup, m\u00fccadele edece\u011fiz.<\/p>\n","protected":false},"excerpt":{"rendered":"<p>\u0130lkeler, milli hareketimizin tart\u0131\u015fmas\u0131z kabul edilen ana d\u00fc\u015f\u00fcncesi, \u00f6nc\u00fc prensipleri ve y\u00f6ntemleridir. Bu ilkeler G\u00fcney Azerbaycan milli hareketinin temelini olu\u015fturur ve hareketimizin hedefine ula\u015fmas\u0131nda \u00f6nemli bir rol oynar. Onlar duru\u015fumuzun k\u00f6k\u00fc, karakterimizin omurgas\u0131, do\u011fru yolu bulman\u0131n pusulas\u0131 ve m\u00fccadelemizin yasalar\u0131d\u0131r. \u0130lkeler, y\u0131ld\u0131zlar gibi yolumuzu g\u00f6sterip, milli hareketimizi belirsizliklerden ve karma\u015falardan kurtar\u0131p, d\u00fczeni ve uyumu sa\u011flar. [&hellip;]<\/p>\n","protected":false},"author":1,"featured_media":0,"parent":21,"menu_order":0,"comment_status":"closed","ping_status":"closed","template":"danulduzu","meta":{"footnotes":""},"class_list":["post-229","page","type-page","status-publish","hentry"],"_links":{"self":[{"href":"https:\/\/www.guneyazerbaycan.org\/tr\/wp-json\/wp\/v2\/pages\/229","targetHints":{"allow":["GET"]}}],"collection":[{"href":"https:\/\/www.guneyazerbaycan.org\/tr\/wp-json\/wp\/v2\/pages"}],"about":[{"href":"https:\/\/www.guneyazerbaycan.org\/tr\/wp-json\/wp\/v2\/types\/page"}],"author":[{"embeddable":true,"href":"https:\/\/www.guneyazerbaycan.org\/tr\/wp-json\/wp\/v2\/users\/1"}],"replies":[{"embeddable":true,"href":"https:\/\/www.guneyazerbaycan.org\/tr\/wp-json\/wp\/v2\/comments?post=229"}],"version-history":[{"count":8,"href":"https:\/\/www.guneyazerbaycan.org\/tr\/wp-json\/wp\/v2\/pages\/229\/revisions"}],"predecessor-version":[{"id":541,"href":"https:\/\/www.guneyazerbaycan.org\/tr\/wp-json\/wp\/v2\/pages\/229\/revisions\/541"}],"up":[{"embeddable":true,"href":"https:\/\/www.guneyazerbaycan.org\/tr\/wp-json\/wp\/v2\/pages\/21"}],"wp:attachment":[{"href":"https:\/\/www.guneyazerbaycan.org\/tr\/wp-json\/wp\/v2\/media?parent=229"}],"curies":[{"name":"wp","href":"https:\/\/api.w.org\/{rel}","templated":true}]}}