{"id":241,"date":"2025-01-02T13:44:30","date_gmt":"2025-01-02T13:44:30","guid":{"rendered":"https:\/\/www.guneyazerbaycan.org\/?page_id=241"},"modified":"2025-02-02T16:28:56","modified_gmt":"2025-02-02T16:28:56","slug":"turkculuk-ilkesi","status":"publish","type":"page","link":"https:\/\/www.guneyazerbaycan.org\/tr\/dan-ulduzu\/ilkeler\/turkculuk-ilkesi\/","title":{"rendered":"T\u00fcrk\u00e7\u00fcl\u00fck"},"content":{"rendered":"\n<p>T\u00fcrk\u00e7\u00fcl\u00fck, inan\u00e7, umut ve \u0131\u015f\u0131ktan do\u011fan bir felsefedir. Yani Bulud Kara\u00e7orlu&#8217;nun dedi\u011fi gibi &#8220;\u00d6zge \u00e7\u0131ras\u0131na ya\u011f olmak besdir, do\u011fma ellerimiz karanl\u0131ktad\u0131r&#8221; diyerek, \u0131\u015f\u0131\u011f\u0131 kendi eline ve halk\u0131na y\u00fckseltmektir. T\u00fcrk\u00e7\u00fcl\u00fck, i\u00e7 ve d\u0131\u015f d\u00fc\u015fmanlara kar\u015f\u0131 yaln\u0131z kalm\u0131\u015f ve T\u00fcrk oldu\u011fu i\u00e7in ezilmi\u015f, G\u00fcney Azerbaycan T\u00fcrklerini savunup kurtulu\u015f yolunu ayd\u0131nlatmakt\u0131r. T\u00fcrk\u00e7\u00fcl\u00fck ilkesi, kendine ait olan\u0131 sevmek, korumak ve savunmakt\u0131r, yani kendine inanmakt\u0131r. T\u00fcrk\u00e7\u00fcl\u00fck bir sosyal ger\u00e7ektir, onda ne i\u015fgalcilik ne de \u0131rk\u00e7\u0131l\u0131k vard\u0131r. Onda kendine g\u00fcven, umut ve gelecek vard\u0131r. T\u00fcrk\u00e7\u00fcl\u00fck, kendi halk\u0131na derin sevgi ve ba\u011fl\u0131l\u0131kt\u0131r. T\u00fcrk\u00e7\u00fcl\u00fckte ba\u015fka halklara kar\u015f\u0131 kin ve \u00f6nyarg\u0131 duygusu olmaz. T\u00fcrk\u00e7\u00fcl\u00fck, G\u00fcney Azerbaycan T\u00fcrklerinin kurtulu\u015fu ve \u00f6zg\u00fcr, refah ve modern bir gelece\u011fin arzusu ve duygusunun ad\u0131d\u0131r.<\/p>\n\n\n\n<p>Bir T\u00fcrk\u00e7\u00fc, milli kahramanlar\u0131na sayg\u0131 duyar, ama kahraman olmayana da kahraman demez. T\u00fcrkl\u00fc\u011fe hor bak\u0131p, T\u00fcrk dili ve k\u00fclt\u00fcr\u00fcn\u00fc kendi \u00e7\u0131karlar\u0131 i\u00e7in a\u015fa\u011f\u0131layan ve yok sayanlar\u0131 affetmez ve onlar\u0131 affedenleri de d\u00fc\u015fman sayar. T\u00fcrk\u00e7\u00fcl\u00fc\u011f\u00fcn en b\u00fcy\u00fck g\u00f6revi, T\u00fcrkl\u00fc\u011fe hizmettir, bunun ba\u015f\u0131nda da \u00e7evresindekilere T\u00fcrkl\u00fc\u011f\u00fc sevdirmek gelir. Yorulmadan, b\u0131kmadan, T\u00fcrk dili ve k\u00fclt\u00fcr\u00fcn\u00fcn g\u00fczelliklerini anlatarak, onun en b\u00fcy\u00fck d\u00fc\u015fman\u0131n\u0131n da \u0130ran devleti ve \u0130ranc\u0131l\u0131k oldu\u011funu a\u00e7\u0131klamakt\u0131r. T\u00fcrk\u00e7\u00fcl\u00fck al\u00e7akg\u00f6n\u00fcll\u00fc olmakt\u0131r, bir T\u00fcrk\u00e7\u00fc, be\u011fenilmek i\u00e7in de\u011fil, g\u00f6rev bildi\u011fi i\u00e7in milletine hizmet eder. Kendini \u00f6ne \u00e7\u0131kar\u0131p, her hizmet i\u00e7in bir kar\u015f\u0131l\u0131k ve takdir beklemez. Y\u00fckselmek i\u00e7in de\u011fil, T\u00fcrkl\u00fc\u011f\u00fc y\u00fckseltmek i\u00e7in her t\u00fcrl\u00fc fedakarl\u0131\u011fa haz\u0131r olur.<\/p>\n\n\n\n<p>Dilimiz, tarihimiz, t\u00f6remiz, inanc\u0131m\u0131z, adet ve geleneklerimiz bizi di\u011fer halklardan ay\u0131r\u0131p, kimli\u011fimizi ve ait oldu\u011fumuz k\u00fclt\u00fcr\u00fc yani T\u00fcrkl\u00fc\u011f\u00fcm\u00fcz\u00fc tan\u0131mlar. Kendini samimi olarak T\u00fcrk k\u00fclt\u00fcr\u00fcne ba\u011fl\u0131 hisseden herkes T\u00fcrkt\u00fcr. Bu anlay\u0131\u015ftan yola \u00e7\u0131karak, t\u00fcm G\u00fcney Azerbaycan T\u00fcrklerini d\u00fc\u015f\u00fcn\u00fcp, onlar\u0131n mutlulu\u011fu i\u00e7in \u00e7al\u0131\u015fmal\u0131y\u0131z. Asimilasyon sonucu T\u00fcrk\u00e7eyi az bilen, hatta hi\u00e7 bilmeyen insanlar\u0131m\u0131z da bu zalim sistemin kurbanlar\u0131d\u0131r, onlar\u0131n da &#8220;Haray haray ben T\u00fcrk&#8217;\u00fcm&#8221; demeye ve onun mutlulu\u011funu ya\u015famaya haklar\u0131 vard\u0131r. Biz G\u00fcney Azerbaycan milli faallar\u0131, T\u00fcrk oldu\u011fumuz i\u00e7in ve G\u00fcney Azerbaycan T\u00fcrklerinin i\u00e7inden \u00e7\u0131km\u0131\u015f insanlar oldu\u011fumuz i\u00e7in, T\u00fcrklerin y\u00fckselmesi ve haklar\u0131n\u0131n her \u015feyden \u00fcst\u00fcn tutulmas\u0131 yolunda \u00e7al\u0131\u015fmay\u0131, kutsal bir g\u00f6rev biliriz. T\u00fcrk\u00e7\u00fcl\u00fc\u011fe dayanarak, milletimizin milli bilincini y\u00fckseltip, siyasalla\u015ft\u0131r\u0131p ve kendi kaderini tayin etmek i\u00e7in harekete ge\u00e7irmek, en b\u00fcy\u00fck g\u00f6revimizdir. Bu do\u011frultuda T\u00fcrk\u00e7e konu\u015faca\u011f\u0131z, T\u00fcrk\u00e7eyi her zaman her \u015feyin \u00fcst\u00fcnde tutaca\u011f\u0131z, her i\u015fimizde T\u00fcrk ruhuna ve T\u00fcrk \u00f6zelli\u011fine uygun ve T\u00fcrk milletine faydal\u0131 olma \u015fart\u0131na dikkat edece\u011fiz.<\/p>\n","protected":false},"excerpt":{"rendered":"<p>T\u00fcrk\u00e7\u00fcl\u00fck, inan\u00e7, umut ve \u0131\u015f\u0131ktan do\u011fan bir felsefedir. Yani Bulud Kara\u00e7orlu&#8217;nun dedi\u011fi gibi &#8220;\u00d6zge \u00e7\u0131ras\u0131na ya\u011f olmak besdir, do\u011fma ellerimiz karanl\u0131ktad\u0131r&#8221; diyerek, \u0131\u015f\u0131\u011f\u0131 kendi eline ve halk\u0131na y\u00fckseltmektir. T\u00fcrk\u00e7\u00fcl\u00fck, i\u00e7 ve d\u0131\u015f d\u00fc\u015fmanlara kar\u015f\u0131 yaln\u0131z kalm\u0131\u015f ve T\u00fcrk oldu\u011fu i\u00e7in ezilmi\u015f, G\u00fcney Azerbaycan T\u00fcrklerini savunup kurtulu\u015f yolunu ayd\u0131nlatmakt\u0131r. T\u00fcrk\u00e7\u00fcl\u00fck ilkesi, kendine ait olan\u0131 sevmek, korumak [&hellip;]<\/p>\n","protected":false},"author":1,"featured_media":0,"parent":229,"menu_order":0,"comment_status":"open","ping_status":"closed","template":"danulduzu","meta":{"footnotes":""},"class_list":["post-241","page","type-page","status-publish","hentry"],"_links":{"self":[{"href":"https:\/\/www.guneyazerbaycan.org\/tr\/wp-json\/wp\/v2\/pages\/241","targetHints":{"allow":["GET"]}}],"collection":[{"href":"https:\/\/www.guneyazerbaycan.org\/tr\/wp-json\/wp\/v2\/pages"}],"about":[{"href":"https:\/\/www.guneyazerbaycan.org\/tr\/wp-json\/wp\/v2\/types\/page"}],"author":[{"embeddable":true,"href":"https:\/\/www.guneyazerbaycan.org\/tr\/wp-json\/wp\/v2\/users\/1"}],"replies":[{"embeddable":true,"href":"https:\/\/www.guneyazerbaycan.org\/tr\/wp-json\/wp\/v2\/comments?post=241"}],"version-history":[{"count":7,"href":"https:\/\/www.guneyazerbaycan.org\/tr\/wp-json\/wp\/v2\/pages\/241\/revisions"}],"predecessor-version":[{"id":544,"href":"https:\/\/www.guneyazerbaycan.org\/tr\/wp-json\/wp\/v2\/pages\/241\/revisions\/544"}],"up":[{"embeddable":true,"href":"https:\/\/www.guneyazerbaycan.org\/tr\/wp-json\/wp\/v2\/pages\/229"}],"wp:attachment":[{"href":"https:\/\/www.guneyazerbaycan.org\/tr\/wp-json\/wp\/v2\/media?parent=241"}],"curies":[{"name":"wp","href":"https:\/\/api.w.org\/{rel}","templated":true}]}}