{"id":268,"date":"2025-01-03T15:11:57","date_gmt":"2025-01-03T15:11:57","guid":{"rendered":"https:\/\/www.guneyazerbaycan.org\/?page_id=268"},"modified":"2025-02-02T16:04:05","modified_gmt":"2025-02-02T16:04:05","slug":"ozgurlukculuk-2","status":"publish","type":"page","link":"https:\/\/www.guneyazerbaycan.org\/tr\/dan-ulduzu\/ilkeler\/ozgurlukculuk-2\/","title":{"rendered":"\u00d6zg\u00fcrl\u00fck\u00e7\u00fcl\u00fck"},"content":{"rendered":"\n<p>\u00d6zg\u00fcrl\u00fck ekmekten daha lezzetli, g\u00fcne\u015ften daha g\u00fczeldir. Mutlulu\u011fun s\u0131rr\u0131 ve tarihin kaybolmayan de\u011feridir. Kim oldu\u011funu bilip, oldu\u011fun gibi ya\u015famakt\u0131r. \u00d6zg\u00fcrl\u00fck yoldan \u00e7\u0131kmak de\u011fil, istedi\u011fin yola gitmektir, yani kendi akl\u0131nla d\u00fc\u015f\u00fcn\u00fcp, do\u011fru oldu\u011funa inand\u0131\u011f\u0131n \u015feyler i\u00e7in m\u00fccadele etmektir. \u00d6zg\u00fcrl\u00fck bir b\u00fct\u00fcnd\u00fcr, ona \u015fart konulmaz ve tamamen kazan\u0131lana kadar hi\u00e7 kazan\u0131lmam\u0131\u015ft\u0131r. Milliyet \u00f6zg\u00fcrl\u00fc\u011f\u00fc, cinsiyet \u00f6zg\u00fcrl\u00fc\u011f\u00fc, inan\u00e7 \u00f6zg\u00fcrl\u00fc\u011f\u00fc, d\u00fc\u015f\u00fcnce \u00f6zg\u00fcrl\u00fc\u011f\u00fc ve hatta hayvanlar\u0131n \u00f6zg\u00fcrl\u00fc\u011f\u00fc, bir b\u00fct\u00fcnd\u00fcr ve birbirine ba\u011fl\u0131d\u0131r. Onlar\u0131n hepsi ve herkes i\u00e7in sa\u011flanana kadar, hi\u00e7 kimse \u00f6zg\u00fcr de\u011fildir. \u00d6zg\u00fcrl\u00fck bir hak de\u011fil, bir insanl\u0131k g\u00f6revidir. K\u00fc\u00e7\u00fck \u00e7\u0131kar ve vaatlere aldan\u0131p \u00f6zg\u00fcrl\u00fc\u011f\u00fcn\u00fcn tamam\u0131n\u0131 ya da bir k\u0131sm\u0131n\u0131 terk eden insan, asl\u0131nda insanl\u0131\u011f\u0131ndan ve g\u00f6revlerinden vazge\u00e7mi\u015ftir.<\/p>\n\n\n\n<p>Her ayr\u0131mc\u0131l\u0131k \u00f6zg\u00fcrl\u00fc\u011fe bir sald\u0131r\u0131d\u0131r ve felaketlerin ana sebebidir. Ayr\u0131mc\u0131l\u0131klar\u0131n kayna\u011f\u0131n\u0131 bilmeden \u00f6zg\u00fcrl\u00fck olmaz ve ne kadar m\u00fccadele etsek de, onun sebep oldu\u011fu felaketlerden kurtulmak olmaz. G\u00fcney Azerbaycan milleti, T\u00fcrk oldu\u011fu i\u00e7in, ayr\u0131mc\u0131l\u0131klara, hakaretlere ve d\u0131\u015flanmalara maruz kal\u0131p, felaketlere d\u00fc\u015fm\u00fc\u015ft\u00fcr. Bunun i\u00e7in G\u00fcney Azerbaycan T\u00fcrklerinin, esaret zincirlerinden kurtulu\u015fu ve \u00f6zg\u00fcrl\u00fc\u011f\u00fc, ancak T\u00fcrkl\u00fc\u011f\u00fcne sar\u0131l\u0131p, milli devletini kurup, kendi kendini y\u00f6netmek ile m\u00fcmk\u00fcnd\u00fcr. Milli devletimiz olmayana kadar ve kendimizi kendimiz y\u00f6netmeyene kadar, \u00f6zg\u00fcr olamayaca\u011f\u0131z. Ayr\u0131mc\u0131l\u0131klar, hakaretler ve d\u0131\u015flanmalar devam edecek ve felaketler i\u00e7inde ya\u015fay\u0131p, \u00f6zg\u00fcr olmad\u0131\u011f\u0131 i\u00e7in yok olan di\u011fer milletler gibi, yok olaca\u011f\u0131z.<\/p>\n\n\n\n<p>Bizim \u00f6zg\u00fcrl\u00fck m\u00fccadelemiz, ge\u00e7mi\u015ften gelen en de\u011ferli hazinemizdir. Biz bir \u00f6m\u00fcr hakaret ve felaket i\u00e7inde ya\u015fay\u0131p \u00f6lmek yerine, \u015feref ve onurumuz ile \u00f6zg\u00fcrl\u00fc\u011f\u00fcm\u00fcz i\u00e7in sava\u015farak bu yolda \u00f6lmeyi tercih ederiz. Ama bunu da biliyoruz ki, b\u00fct\u00fcn g\u00fc\u00e7 ve iradesi ile \u00f6zg\u00fcrl\u00fck m\u00fccadelesi eden bir milletin kar\u015f\u0131s\u0131nda hi\u00e7bir g\u00fc\u00e7 duramaz. G\u00fcney Azerbaycan milli aktivistleri, \u00f6zg\u00fcrl\u00fck ve adalet m\u00fccadelelerinde, k\u00f6le olmay\u0131 ve ba\u015fkalar\u0131n\u0131 k\u00f6le etmeyi kabul etmeyen, \u015ferefli bir bayra\u011f\u0131n ta\u015f\u0131y\u0131c\u0131lar\u0131d\u0131r. Onlar, u\u011frunda \u00f6l\u00fcnecek kadar de\u011ferli ve hakl\u0131 davam\u0131z\u0131, cesaret, y\u00fcreklilik, at\u0131lganl\u0131k ve ilkelerimize sar\u0131larak, hedefe do\u011fru ta\u015f\u0131may\u0131, bir insanl\u0131k g\u00f6revi bilen kahramanlar\u0131m\u0131zd\u0131r. Y\u00fcz y\u0131ldan fazlad\u0131r G\u00fcney Azerbaycan&#8217;\u0131 bo\u015f vaatlerle kand\u0131r\u0131p oyalad\u0131lar. Gelin birlikte \u0130ran h\u00fck\u00fcmetine kar\u015f\u0131 sava\u015farak onu \u0131slah edip ya da de\u011fi\u015ftirip, daha demokratik yapal\u0131m, sonra Azerbaycan&#8217;\u0131n pay\u0131n\u0131 da al\u0131r\u0131z dediler. <\/p>\n\n\n\n<p>Y\u00fcz y\u0131ldan fazlad\u0131r en b\u00fcy\u00fck derdimiz yani \u00f6zg\u00fcrl\u00fc\u011f\u00fcm\u00fcz\u00fcn \u00e7al\u0131nd\u0131\u011f\u0131n\u0131, devletsizli\u011fimizi ve i\u015fgal alt\u0131nda oldu\u011fumuzu unutup, k\u00fc\u00e7\u00fck dertlerle u\u011fra\u015f\u0131p bo\u011fulup kald\u0131k ve her seferinde kazand\u0131k dedi\u011fimizde g\u00f6rd\u00fck ki, asl\u0131nda onlar kazanm\u0131\u015f biz ma\u011flup olmu\u015fuz. Art\u0131k b\u00fcy\u00fck davam\u0131z, yani G\u00fcney Azerbaycan i\u00e7in milli devlet kurma ve kurtulu\u015f m\u00fccadelesinin zaman\u0131 \u00e7oktan gelmi\u015ftir. Biz G\u00fcney Azerbaycan milli hareketi olarak bir daha k\u00fc\u00e7\u00fck dertler u\u011fruna amac\u0131m\u0131zdan ge\u00e7meyece\u011fiz. Bir daha hi\u00e7bir taktiksel ve k\u00fc\u00e7\u00fck ba\u015far\u0131lar u\u011fruna devlet kurma hedefimiz ve ilkelerimizden yani kimli\u011fimiz, \u00f6zg\u00fcrl\u00fc\u011f\u00fcm\u00fcz, T\u00fcrkl\u00fc\u011f\u00fcm\u00fcz ve vatan\u0131m\u0131zdan ge\u00e7meyece\u011fiz. Yapaca\u011f\u0131m\u0131z i\u015f ba\u015far\u0131s\u0131z olacaksa olsun. Ba\u015far\u0131s\u0131zl\u0131k \u00f6l\u00fcmc\u00fcl de\u011fil, \u00f6nemli olan devam etme cesaretini g\u00f6stermektir. Hakl\u0131 m\u00fccadelemiz, birka\u00e7 yanl\u0131\u015f ve ba\u015far\u0131s\u0131z i\u015f ile ma\u011flup olmaz. Biz ba\u015far\u0131s\u0131z oldu\u011fumuzda de\u011fil, vazge\u00e7ti\u011fimizde ma\u011flup oluruz.<\/p>\n","protected":false},"excerpt":{"rendered":"<p>\u00d6zg\u00fcrl\u00fck ekmekten daha lezzetli, g\u00fcne\u015ften daha g\u00fczeldir. Mutlulu\u011fun s\u0131rr\u0131 ve tarihin kaybolmayan de\u011feridir. Kim oldu\u011funu bilip, oldu\u011fun gibi ya\u015famakt\u0131r. \u00d6zg\u00fcrl\u00fck yoldan \u00e7\u0131kmak de\u011fil, istedi\u011fin yola gitmektir, yani kendi akl\u0131nla d\u00fc\u015f\u00fcn\u00fcp, do\u011fru oldu\u011funa inand\u0131\u011f\u0131n \u015feyler i\u00e7in m\u00fccadele etmektir. \u00d6zg\u00fcrl\u00fck bir b\u00fct\u00fcnd\u00fcr, ona \u015fart konulmaz ve tamamen kazan\u0131lana kadar hi\u00e7 kazan\u0131lmam\u0131\u015ft\u0131r. Milliyet \u00f6zg\u00fcrl\u00fc\u011f\u00fc, cinsiyet \u00f6zg\u00fcrl\u00fc\u011f\u00fc, inan\u00e7 \u00f6zg\u00fcrl\u00fc\u011f\u00fc, [&hellip;]<\/p>\n","protected":false},"author":1,"featured_media":0,"parent":229,"menu_order":0,"comment_status":"open","ping_status":"closed","template":"danulduzu","meta":{"footnotes":""},"class_list":["post-268","page","type-page","status-publish","hentry"],"_links":{"self":[{"href":"https:\/\/www.guneyazerbaycan.org\/tr\/wp-json\/wp\/v2\/pages\/268","targetHints":{"allow":["GET"]}}],"collection":[{"href":"https:\/\/www.guneyazerbaycan.org\/tr\/wp-json\/wp\/v2\/pages"}],"about":[{"href":"https:\/\/www.guneyazerbaycan.org\/tr\/wp-json\/wp\/v2\/types\/page"}],"author":[{"embeddable":true,"href":"https:\/\/www.guneyazerbaycan.org\/tr\/wp-json\/wp\/v2\/users\/1"}],"replies":[{"embeddable":true,"href":"https:\/\/www.guneyazerbaycan.org\/tr\/wp-json\/wp\/v2\/comments?post=268"}],"version-history":[{"count":4,"href":"https:\/\/www.guneyazerbaycan.org\/tr\/wp-json\/wp\/v2\/pages\/268\/revisions"}],"predecessor-version":[{"id":525,"href":"https:\/\/www.guneyazerbaycan.org\/tr\/wp-json\/wp\/v2\/pages\/268\/revisions\/525"}],"up":[{"embeddable":true,"href":"https:\/\/www.guneyazerbaycan.org\/tr\/wp-json\/wp\/v2\/pages\/229"}],"wp:attachment":[{"href":"https:\/\/www.guneyazerbaycan.org\/tr\/wp-json\/wp\/v2\/media?parent=268"}],"curies":[{"name":"wp","href":"https:\/\/api.w.org\/{rel}","templated":true}]}}