{"id":283,"date":"2025-01-03T15:24:50","date_gmt":"2025-01-03T15:24:50","guid":{"rendered":"https:\/\/www.guneyazerbaycan.org\/?page_id=283"},"modified":"2025-02-02T16:29:03","modified_gmt":"2025-02-02T16:29:03","slug":"ahlakcilik","status":"publish","type":"page","link":"https:\/\/www.guneyazerbaycan.org\/tr\/dan-ulduzu\/ilkeler\/ahlakcilik\/","title":{"rendered":"Ahlak\u00e7\u0131l\u0131k"},"content":{"rendered":"\n<p>Ahlak, bir toplumda iyiyi-k\u00f6t\u00fcy\u00fc, do\u011fru-yanl\u0131\u015f\u0131 ve uygun-uygunsuzu birbirinden ay\u0131ran de\u011ferler ve etiklerdir. Ahlak, vicdan\u0131m\u0131zdan kaynaklanan ve toplumun, adet, gelenek ve inan\u00e7lar\u0131na girmi\u015f, dayan\u0131\u015fma ruhudur. Ahlak herkesin yapt\u0131\u011f\u0131 \u015feyler de\u011fil, herkesin yapmas\u0131 gereken \u015feylerdir. Ahlak, milletleri \u00e7\u00f6k\u00fc\u015ften kurtar\u0131p, koruyan do\u011fal bir kurtar\u0131c\u0131d\u0131r. Ahlak ve erdem, kararlar\u0131m\u0131z ve eylemlerimizin rehberi, do\u011fru y\u00f6netimin temeli, iyilikleri elde etmenin g\u00fcc\u00fc ve milli ruhun s\u00fcs\u00fcd\u00fcr. Ahlak\u00e7\u0131l\u0131k, kendi halk\u0131na sorumluluk hissi duyup, yap\u0131lacak do\u011fru ile, yap\u0131lmaya hakk\u0131n olanlar aras\u0131ndaki fark\u0131 bilmektir. Yani ki\u015fisel menfaatler pe\u015finde ko\u015fmak yerine, milletimizin ve milli hareketin \u00e7\u0131karlar\u0131na adanmakt\u0131r.<\/p>\n\n\n\n<p>Ba\u015far\u0131, ahlaktan sonra gelir. Milli hareketimiz, i\u00e7ten gelen bir sevgi, edep ve olgun ak\u0131l ile y\u00f6netilmezse, \u00e7\u00f6k\u00fcp yok olur. Milli hareketimizin ilerlemesi, yaln\u0131z b\u00fcy\u00fck eylemler ve organizasyonlar\u0131n kurulmas\u0131na ba\u011fl\u0131 de\u011fil, milli aktivistlerimizin ahlaki de\u011ferlerine de ba\u011fl\u0131d\u0131r. \u00c7\u00fcnk\u00fc bir hareketin de\u011feri, onu savunan insanlar\u0131n de\u011feri kadar olur. B\u00fcy\u00fck davalar, ki\u015filikli ve ahlakl\u0131 insanlar\u0131n omuzlar\u0131nda zafere ula\u015f\u0131r. G\u00fcney Azerbaycan milli hareketi, yanl\u0131\u015f ve uygunsuz davran\u0131\u015flardan uzak duran, ahlakl\u0131 ve etik insanlar\u0131n hareketidir. Ahlak ve siyasi etik, ayn\u0131 zamanda bir liderlik meselesidir. Do\u011fru lider, ahlak ve siyasi etik \u00f6rne\u011fi olur ve toplumun temel yap\u0131s\u0131 ve de\u011ferlerinin zay\u0131flamas\u0131na sebep olmaz ve ba\u015fkalar\u0131n\u0131n da zay\u0131flatmas\u0131na izin vermez. Yaln\u0131z kendi do\u011fru bildi\u011fi ahlaki de\u011ferlerle de\u011fil, yayg\u0131n \u015fekilde halk\u0131m\u0131z taraf\u0131ndan kabul edilen ahlaki de\u011ferlere de dikkat edip onlar\u0131 siyasi g\u00fcce \u00e7evirir.<\/p>\n\n\n\n<p>Her milli aktivist, yeni bir hayat ve b\u00fcy\u00fck idealler i\u00e7in m\u00fccadele eden, topluma y\u00f6n vermeye \u00e7al\u0131\u015fan, insanlar\u0131n bak\u0131\u015flar\u0131n\u0131, davran\u0131\u015flar\u0131n\u0131 ve tepkilerini \u015fekillendirmeye \u00e7al\u0131\u015fan, ilkeli ve inan\u00e7l\u0131 bir insand\u0131r. Davas\u0131n\u0131 anlayan, davas\u0131na inanan, davas\u0131n\u0131 kendi hayat\u0131nda ya\u015fayan ve g\u00fcc\u00fc yetti\u011fi kadar, davas\u0131n\u0131 ba\u015fkalar\u0131na anlatan, ilke ve eylem sahibi olan, ahlakl\u0131 bir insand\u0131r. G\u00fcney Azerbaycan milli aktivisti, insanlar\u0131n hayat\u0131na etki eden her faaliyetinde, ahlak \u00e7er\u00e7evesinde olmal\u0131d\u0131r ve genel ahlak, siyasi etik ve sorumluluk ahlak\u0131 \u00e7er\u00e7evesinde faaliyet g\u00f6stermelidir. Burada s\u00f6z konusu, ahlak \u00f6rne\u011fi olmak de\u011fil, milli hareketimizi sorgu alt\u0131na alacak davran\u0131\u015flardan ve milletimizin inan\u00e7 ve ya\u015fam tarz\u0131na hakaret ve sayg\u0131s\u0131zl\u0131ktan uzak durmay\u0131 kastediyoruz. \u00c7\u00fcnk\u00fc her milli aktivist, G\u00fcney Azerbaycan ve T\u00fcrkl\u00fc\u011f\u00fcn bir bayra\u011f\u0131d\u0131r, bayra\u011f\u0131m\u0131z\u0131n lekelenmesine izin vermemelidir. Siyasi etik olarak g\u00f6revlerin adil ve tarafs\u0131z payla\u015f\u0131m\u0131n\u0131 sa\u011flay\u0131p, kendi g\u00f6revlerine de sadakatli ve tutarl\u0131 \u015fekilde uymal\u0131d\u0131r. Onunla farkl\u0131 d\u00fc\u015f\u00fcnen milli aktivistlere ve organizasyonlara k\u00fc\u00e7\u00fclt\u00fcc\u00fc s\u00f6zler s\u00f6ylememeli ve iftira atmamal\u0131d\u0131r. Ba\u015fkas\u0131n\u0131 ele\u015ftirmeden \u00f6nce kendine bakmal\u0131d\u0131r. Yapt\u0131\u011f\u0131 i\u015flerin ve sonu\u00e7lar\u0131n\u0131n sorumlulu\u011funu kabul etmelidir. Egodan, kibirden ve h\u0131rstan uzak durmal\u0131d\u0131r. Bunu bilmelidir ki, ne kadar \u00e7al\u0131\u015fkan ve milli hareketimize faydal\u0131 ve \u00f6nemli biri olsa da, h\u0131rslar\u0131, ideallerinin \u00f6n\u00fcne ge\u00e7erse, ister istemez, ya \u00e7evresi da\u011f\u0131l\u0131r, ya da milli faaliyetten geri \u00e7ekilmek zorunda kal\u0131r. \u0130\u015fte milli hareketimiz de, as\u0131l o zaman zarar g\u00f6r\u00fcr.<\/p>\n\n\n\n<p>Siyasi faaliyetlerin b\u00fcy\u00fck felaket ve dertlere sebep olma ihtimali y\u00fcksektir. Faaliyet ve eylemlerimizin, istemeyerek olsa da, sebep oldu\u011fu yanl\u0131\u015fl\u0131klar ve dertlerin sorumlulu\u011fundan ka\u00e7ma hakk\u0131m\u0131z yoktur. Hedefimizin b\u00fcy\u00fckl\u00fc\u011f\u00fc ve niyetimizin iyi olmas\u0131, bize onlar\u0131n ne pahas\u0131na olursa olsun yapma hakk\u0131n\u0131 vermez. Bunun ad\u0131 sorumluluk ahlak\u0131d\u0131r. G\u00fc\u00e7lenmeye \u00e7al\u0131\u015f\u0131rken \u00f6z\u00fcm\u00fcz\u00fc, etiklerimizi ve adalet duygular\u0131m\u0131z\u0131 ayaklar alt\u0131na almamal\u0131y\u0131z. Ahlak ki\u015fisel bir disiplindir, ba\u015fkalar\u0131n\u0131 ya da organizasyonumuzu kendi disiplinsizli\u011fimizden ve yanl\u0131\u015flar\u0131m\u0131zdan sorumlu tutmamal\u0131y\u0131z.<\/p>\n\n\n\n<p><\/p>\n","protected":false},"excerpt":{"rendered":"<p>Ahlak, bir toplumda iyiyi-k\u00f6t\u00fcy\u00fc, do\u011fru-yanl\u0131\u015f\u0131 ve uygun-uygunsuzu birbirinden ay\u0131ran de\u011ferler ve etiklerdir. Ahlak, vicdan\u0131m\u0131zdan kaynaklanan ve toplumun, adet, gelenek ve inan\u00e7lar\u0131na girmi\u015f, dayan\u0131\u015fma ruhudur. Ahlak herkesin yapt\u0131\u011f\u0131 \u015feyler de\u011fil, herkesin yapmas\u0131 gereken \u015feylerdir. Ahlak, milletleri \u00e7\u00f6k\u00fc\u015ften kurtar\u0131p, koruyan do\u011fal bir kurtar\u0131c\u0131d\u0131r. Ahlak ve erdem, kararlar\u0131m\u0131z ve eylemlerimizin rehberi, do\u011fru y\u00f6netimin temeli, iyilikleri elde etmenin g\u00fcc\u00fc [&hellip;]<\/p>\n","protected":false},"author":1,"featured_media":0,"parent":229,"menu_order":0,"comment_status":"open","ping_status":"closed","template":"danulduzu","meta":{"footnotes":""},"class_list":["post-283","page","type-page","status-publish","hentry"],"_links":{"self":[{"href":"https:\/\/www.guneyazerbaycan.org\/tr\/wp-json\/wp\/v2\/pages\/283","targetHints":{"allow":["GET"]}}],"collection":[{"href":"https:\/\/www.guneyazerbaycan.org\/tr\/wp-json\/wp\/v2\/pages"}],"about":[{"href":"https:\/\/www.guneyazerbaycan.org\/tr\/wp-json\/wp\/v2\/types\/page"}],"author":[{"embeddable":true,"href":"https:\/\/www.guneyazerbaycan.org\/tr\/wp-json\/wp\/v2\/users\/1"}],"replies":[{"embeddable":true,"href":"https:\/\/www.guneyazerbaycan.org\/tr\/wp-json\/wp\/v2\/comments?post=283"}],"version-history":[{"count":5,"href":"https:\/\/www.guneyazerbaycan.org\/tr\/wp-json\/wp\/v2\/pages\/283\/revisions"}],"predecessor-version":[{"id":545,"href":"https:\/\/www.guneyazerbaycan.org\/tr\/wp-json\/wp\/v2\/pages\/283\/revisions\/545"}],"up":[{"embeddable":true,"href":"https:\/\/www.guneyazerbaycan.org\/tr\/wp-json\/wp\/v2\/pages\/229"}],"wp:attachment":[{"href":"https:\/\/www.guneyazerbaycan.org\/tr\/wp-json\/wp\/v2\/media?parent=283"}],"curies":[{"name":"wp","href":"https:\/\/api.w.org\/{rel}","templated":true}]}}