{"id":290,"date":"2025-01-03T15:31:22","date_gmt":"2025-01-03T15:31:22","guid":{"rendered":"https:\/\/www.guneyazerbaycan.org\/?page_id=290"},"modified":"2025-02-02T16:05:29","modified_gmt":"2025-02-02T16:05:29","slug":"halkcilik","status":"publish","type":"page","link":"https:\/\/www.guneyazerbaycan.org\/tr\/dan-ulduzu\/ilkeler\/halkcilik\/","title":{"rendered":"Halk\u00e7\u0131l\u0131k"},"content":{"rendered":"\n<p>Halk\u00e7\u0131l\u0131k, halk\u0131n \u00f6zg\u00fcr iradesini, demokrasinin temel ta\u015f\u0131 bilip, her \u015feyin merkezine almakt\u0131r. Halk\u0131m\u0131za kar\u015f\u0131 sorumluluk ve vefa duygusudur. Halk\u0131m\u0131z\u0131n maddi ve manevi varl\u0131\u011f\u0131n\u0131 koruyup geli\u015ftirmektir. Halk\u0131n sesini duyup, halk\u0131n diliyle seslenerek, onlar\u0131n sevgi, g\u00fcven ve deste\u011fini kazanmakt\u0131r. Halk\u0131m\u0131z\u0131n d\u00fc\u015f\u00fcncelerine, inan\u00e7lar\u0131na ve adet-geleneklerine sayg\u0131yla yakla\u015fmakt\u0131r. Onlar i\u00e7in her t\u00fcrl\u00fc fedakarl\u0131\u011fa haz\u0131r olup, gerekti\u011finde, ki\u015fisel menfaatlerden vazge\u00e7mektir. Halk\u0131m\u0131z\u0131 G\u00fcney Azerbaycan milli hareketine \u00e7ekip, milli harekette tutup, bilin\u00e7lendirip, birli\u011fini ve dayan\u0131\u015fmas\u0131n\u0131 sa\u011flamakt\u0131r.<\/p>\n\n\n\n<p>Ge\u00e7mi\u015f y\u00fczy\u0131lda, G\u00fcney Azerbaycan&#8217;\u0131n bir\u00e7ok ayd\u0131n ve okumu\u015f insan\u0131, kendi milletine ihanet ederek, i\u015fgalci \u0130ran s\u00f6m\u00fcr\u00fcs\u00fcn\u00fcn ma\u015fas\u0131 olmu\u015ftur. Bug\u00fcn halk\u0131m\u0131z\u0131n maruz kald\u0131\u011f\u0131 zul\u00fcmler, adaletsizlikler ve felaketlerin bir\u00e7o\u011fu, i\u015fte onlar\u0131n \u0131rk\u00e7\u0131 \u0130ran devleti ile i\u015f birli\u011fi sonucunda ba\u015f\u0131na gelmi\u015ftir. Bu y\u00fczden G\u00fcney Azerbaycan T\u00fcrklerinin bir\u00e7o\u011fu, elit ve ayd\u0131nlara kar\u015f\u0131, hatta onlar i\u00e7in mal\u0131ndan ve can\u0131ndan ge\u00e7en milli aktivistlere kar\u015f\u0131, g\u00fcvensizdir ve kurtulu\u015funa da \u00fcmidini yitirmi\u015ftir. Bu umutsuzluk da, halk\u0131m\u0131z\u0131n durgunlu\u011funa sebep olmu\u015f, b\u00fcy\u00fck hareketler ve sald\u0131r\u0131lar kabiliyetini azaltm\u0131\u015ft\u0131r. G\u00fcney Azerbaycan milli hareketi, do\u011fru stratejiler ile, halk\u0131m\u0131z\u0131n g\u00fcvenini kazanmal\u0131d\u0131r, onlara sahip \u00e7\u0131k\u0131p, onlar\u0131n sesi olarak, yard\u0131ms\u0131z ve desteksiz olmad\u0131klar\u0131n\u0131n g\u00fcvenini vermelidir. Ezilen halk\u0131m\u0131za, yaln\u0131z olmad\u0131klar\u0131n\u0131 g\u00f6sterip, arkalar\u0131nda, d\u00fcnya \u00e7ap\u0131nda bir siyasi g\u00fc\u00e7 ve milli hareketin oldu\u011funu g\u00f6stermelidir.<\/p>\n\n\n\n<p>Halk\u0131m\u0131z haklar\u0131n\u0131 almak g\u00fcc\u00fcne sahip oldu\u011funa inanmazsa, haklar\u0131na nas\u0131l ula\u015faca\u011f\u0131n\u0131 da d\u00fc\u015f\u00fcnmez. Onlara g\u00fcc\u00fcn\u00fc anlat\u0131p, umutland\u0131r\u0131p ve enerjisini milli hareketin hedefi y\u00f6n\u00fcnde seferber edip sosyal g\u00fcce \u00e7evirmeliyiz. Halk\u0131m\u0131z, G\u00fcney Azerbaycan milli hareketinin g\u00fcc\u00fcn\u00fcn ger\u00e7ek kayna\u011f\u0131d\u0131r, onu kullanamazsak kaybederiz. Bu y\u00fczden, G\u00fcney Azerbaycan milli hareketi, ba\u015ftan sona kadar halk\u0131n hareketi olmal\u0131d\u0131r. Halk\u0131m\u0131z\u0131n izledi\u011fi bir hareket de\u011fil, oyuncu oldu\u011fu bir hareket olmal\u0131d\u0131r.<\/p>\n\n\n\n<p>Bizim m\u00fccadelemizin k\u00f6k\u00fcnde sevgi var. Biz milletimizi sevdi\u011fimiz i\u00e7in m\u00fccadele ediyoruz. Bu da ki\u015fisel \u00e7\u0131karlar ya da ba\u011fl\u0131 oldu\u011fumuz organizasyonlar\u0131n \u00e7\u0131karlar\u0131 i\u00e7in pop\u00fclist hareketler yap\u0131p, insanlar\u0131n duygular\u0131n\u0131 istismar etmekle de\u011fil, halk\u0131m\u0131z\u0131n ve gelecek neslin, \u00e7\u0131karlar\u0131n\u0131 ve insani haklar\u0131n\u0131 koruyup, onlara hizmet etmekle olur. Bu y\u00fczden her birimiz bir devlet adam\u0131 gibi, uygar ya\u015fam\u0131n temeli olan insan haklar\u0131 \u00e7er\u00e7evesinde, t\u00fcm halk\u0131m\u0131za demokratik bir devlet ve onurlu bir ya\u015fam sa\u011flanmas\u0131 i\u00e7in m\u00fccadele etmeliyiz. Ancak bunu da bilmeliyiz ki, hi\u00e7bir organizasyon ve hatta G\u00fcney Azerbaycan milli hareketinin b\u00fct\u00fcn\u00fc, G\u00fcney Azerbaycan&#8217;\u0131n t\u00fcm halk\u0131n\u0131 temsil etmez ve \u00e7o\u011funlu\u011fun iste\u011fi ile hareket etmek zorunda de\u011fildir. \u00c7o\u011funlu\u011fun iste\u011fine uymak bir devletin g\u00f6revidir, bir organizasyon ya da hareketin g\u00f6revi de\u011fil. Milli devlet olmayana kadar halk\u0131m\u0131z\u0131n milli iradesi ortaya \u00e7\u0131kmaz ve \u00e7o\u011funlu\u011fun ne istedi\u011fi de belli olmaz. Hi\u00e7bir kurtulu\u015f sava\u015f\u0131, ger\u00e7e\u011fi g\u00f6renler d\u0131\u015f\u0131ndaki \u00e7o\u011funlu\u011fun oyu ile kazan\u0131lmam\u0131\u015ft\u0131r. G\u00fcney Azerbaycan milli hareketi, kurtulu\u015f m\u00fccadelesi veren bir d\u00fc\u015f\u00fcnce ak\u0131m\u0131 ve harekettir, G\u00fcney Azerbaycan&#8217;\u0131n devleti de\u011fil. Milli hareketimiz, halk\u0131m\u0131z\u0131n i\u00e7indeki kendi taban\u0131n\u0131n d\u00fc\u015f\u00fcnce ve isteklerini temsil eder. Kendini samimiyetle T\u00fcrk ve Azerbaycanl\u0131 bilen, T\u00fcrkl\u00fck ve Azerbaycan&#8217;\u0131n menfaati ve mutlulu\u011fu i\u00e7in y\u00fcre\u011fi \u00e7arpan ve fedakarl\u0131\u011fa haz\u0131r olan insanlar, bu hareketin taban\u0131d\u0131r. G\u00fcney Azerbaycan milli hareketinin temel g\u00f6revi, kendi taban\u0131n\u0131n isteklerini dikkate alarak milli devletin kurulmas\u0131 i\u00e7in var g\u00fcc\u00fcyle m\u00fccadele etmektir. Ayn\u0131 zamanda do\u011fru stratejiler ve taktiklerle, halk\u0131m\u0131z\u0131n di\u011fer b\u00f6l\u00fcm\u00fcn\u00fc de, milli hareketin d\u00fc\u015f\u00fcncesine \u00e7ekip kendi taban\u0131na dahil etmektir. G\u00f6revimiz halk\u0131m\u0131z\u0131 olmak istedikleri yere de\u011fil, olmas\u0131 gereken yere g\u00f6t\u00fcrmektir.<\/p>\n\n\n\n<p><\/p>\n","protected":false},"excerpt":{"rendered":"<p>Halk\u00e7\u0131l\u0131k, halk\u0131n \u00f6zg\u00fcr iradesini, demokrasinin temel ta\u015f\u0131 bilip, her \u015feyin merkezine almakt\u0131r. Halk\u0131m\u0131za kar\u015f\u0131 sorumluluk ve vefa duygusudur. Halk\u0131m\u0131z\u0131n maddi ve manevi varl\u0131\u011f\u0131n\u0131 koruyup geli\u015ftirmektir. Halk\u0131n sesini duyup, halk\u0131n diliyle seslenerek, onlar\u0131n sevgi, g\u00fcven ve deste\u011fini kazanmakt\u0131r. Halk\u0131m\u0131z\u0131n d\u00fc\u015f\u00fcncelerine, inan\u00e7lar\u0131na ve adet-geleneklerine sayg\u0131yla yakla\u015fmakt\u0131r. Onlar i\u00e7in her t\u00fcrl\u00fc fedakarl\u0131\u011fa haz\u0131r olup, gerekti\u011finde, ki\u015fisel menfaatlerden vazge\u00e7mektir. [&hellip;]<\/p>\n","protected":false},"author":1,"featured_media":0,"parent":229,"menu_order":0,"comment_status":"open","ping_status":"closed","template":"danulduzu","meta":{"footnotes":""},"class_list":["post-290","page","type-page","status-publish","hentry"],"_links":{"self":[{"href":"https:\/\/www.guneyazerbaycan.org\/tr\/wp-json\/wp\/v2\/pages\/290","targetHints":{"allow":["GET"]}}],"collection":[{"href":"https:\/\/www.guneyazerbaycan.org\/tr\/wp-json\/wp\/v2\/pages"}],"about":[{"href":"https:\/\/www.guneyazerbaycan.org\/tr\/wp-json\/wp\/v2\/types\/page"}],"author":[{"embeddable":true,"href":"https:\/\/www.guneyazerbaycan.org\/tr\/wp-json\/wp\/v2\/users\/1"}],"replies":[{"embeddable":true,"href":"https:\/\/www.guneyazerbaycan.org\/tr\/wp-json\/wp\/v2\/comments?post=290"}],"version-history":[{"count":4,"href":"https:\/\/www.guneyazerbaycan.org\/tr\/wp-json\/wp\/v2\/pages\/290\/revisions"}],"predecessor-version":[{"id":528,"href":"https:\/\/www.guneyazerbaycan.org\/tr\/wp-json\/wp\/v2\/pages\/290\/revisions\/528"}],"up":[{"embeddable":true,"href":"https:\/\/www.guneyazerbaycan.org\/tr\/wp-json\/wp\/v2\/pages\/229"}],"wp:attachment":[{"href":"https:\/\/www.guneyazerbaycan.org\/tr\/wp-json\/wp\/v2\/media?parent=290"}],"curies":[{"name":"wp","href":"https:\/\/api.w.org\/{rel}","templated":true}]}}