{"id":300,"date":"2025-01-03T21:32:59","date_gmt":"2025-01-03T21:32:59","guid":{"rendered":"https:\/\/www.guneyazerbaycan.org\/?page_id=300"},"modified":"2025-02-02T16:05:56","modified_gmt":"2025-02-02T16:05:56","slug":"yenilikcilik","status":"publish","type":"page","link":"https:\/\/www.guneyazerbaycan.org\/tr\/dan-ulduzu\/ilkeler\/yenilikcilik\/","title":{"rendered":"Yenilik\u00e7ilik"},"content":{"rendered":"\n<p>Yenilik, s\u0131n\u0131rlar\u0131 a\u015fman\u0131n anahtar\u0131 ve gelece\u011fi \u015fekillendiren g\u00fc\u00e7t\u00fcr. Ad\u0131mlar\u0131 cesaretle atmak ve yeni ufuklara ilerlemektir. Yenilik\u00e7ilik rekabet etmek i\u00e7in de\u011fil, oyunun kurallar\u0131n\u0131 de\u011fi\u015ftirmek i\u00e7in \u00e7al\u0131\u015fmakt\u0131r. Herkesin g\u00f6rd\u00fc\u011f\u00fcn\u00fc g\u00f6r\u00fcp ama kimsenin d\u00fc\u015f\u00fcnmedi\u011fini d\u00fc\u015f\u00fcnmektir. Gelece\u011fi tahmin etmek yerine, gelece\u011fi yaratmakt\u0131r. Yapt\u0131klar\u0131m\u0131z kadar, yapmad\u0131klar\u0131m\u0131zdan da gurur duymakt\u0131r, binlerce \u015feye hay\u0131r demektir. D\u00fc\u015f\u00fcnd\u00fc\u011f\u00fcnden daha b\u00fcy\u00fck d\u00fc\u015f\u00fcnmektir. Her krizi bir f\u0131rsat bilip, teredd\u00fct etmeden ve cesaretle, yeni bir sald\u0131r\u0131 plan\u0131 kurmakt\u0131r.<\/p>\n\n\n\n<p>Zaman en b\u00fcy\u00fck yenilik\u00e7idir, her zaman yeni \u00e7\u00f6z\u00fcmler bulmal\u0131y\u0131z, yoksa ba\u015f\u0131m\u0131za yeni belalar gelir. De\u011fi\u015fmezsek, yenilenmezsek, gen\u00e7le\u015fmezsek, \u00e7\u00fcr\u00fcmeye mahkum oluruz. Yenilik\u00e7ilik, i\u00e7inde bulundu\u011fumuz duruma raz\u0131 olmay\u0131p, daha yeni, geli\u015fmi\u015f ve m\u00fckemmeli isteyip, yeni yollar ve \u00e7\u00f6z\u00fcmler bulmakt\u0131r. Yenilik\u00e7ilik insanlara hata yapma hakk\u0131 vermektir. Hatalarla dolu, onurlu bir m\u00fccadele eden insan, hi\u00e7bir i\u015f yapmayan, en parlak d\u00fc\u015f\u00fcnceli insanlardan daha faydal\u0131d\u0131r. G\u00fcney Azerbaycan milli hareketi, halk\u0131m\u0131z\u0131 daha \u00f6zg\u00fcr ve refah i\u00e7inde bir duruma getirmek i\u00e7in yenilik\u00e7i tedbirleri, cesaret ve \u00f6zg\u00fcven ile birle\u015ftirip, gece-g\u00fcnd\u00fcz demeden milli devletimizin kurulmas\u0131 i\u00e7in \u00e7al\u0131\u015fan, milli bir harekettir.<\/p>\n\n\n\n<p>Ya\u015fam g\u00fcc\u00fc olan her eskiyi severiz, ama bizi t\u00fcm g\u00fcc\u00fcyle ya\u015fatacak tek \u015fey yeniliktir. Yeni d\u00f6nemleri yeni insanlar temsil eder ve yeni bir g\u00fcn do\u011farken bir\u00e7ok y\u0131ld\u0131z batar. Hi\u00e7bir d\u00f6nem, ge\u00e7mi\u015fte deneyimlenmi\u015f insanlar\u0131n omuzlar\u0131nda y\u00fckselmez. Bu y\u00fczden, yenili\u011fin temeli olan gen\u00e7lere, daha \u00e7ok dikkat etmeliyiz. Milli hedefimiz, yani G\u00fcney Azerbaycan milli devletini kurma yolunda yenilmez g\u00fcc\u00fcm\u00fcz ve teminat\u0131m\u0131z gen\u00e7lerdir. Milli hareketin zaferi, itiraz eden yeni nesil ile olacak, itaat eden nesil ile de\u011fil. Art\u0131k ihtiyatla \u0130ranc\u0131l\u0131k d\u00fc\u015f\u00fcncesinin \u00e7\u0131kmaz sokaklar\u0131nda yolunu arayan ve \u0130ran&#8217;\u0131n \u00e7\u00fcr\u00fcm\u00fc\u015f h\u00fck\u00fcmetlerinde kendine faydal\u0131 f\u0131rsatlar yakalamaya \u00e7al\u0131\u015fan, temkinli ve teredd\u00fctl\u00fc nesil yoktur. Onun yerine, dinamik, gururlu ve \u00f6zg\u00fcvenli bir G\u00fcney Azerbaycan gen\u00e7li\u011fi var. Yeni gen\u00e7lik, kendi hayat\u0131n\u0131 ya\u015famaya ve kaderini kendi ellerinde tutmaya azimli ve iradelidir. G\u00fcney Azerbaycan&#8217;\u0131n parlak gelece\u011fi bu neslin elindedir. K\u0131zlar\u0131m\u0131z milli devletimizi, o\u011flanlar\u0131m\u0131z ise, milli ordumuzu kuracaklar.<\/p>\n\n\n\n<p>G\u00fcney Azerbaycan milli hareketi olarak, kendi k\u00fclt\u00fcr\u00fcm\u00fczde yeniliklere yer a\u00e7\u0131p, di\u011fer milletlerin \u00e7a\u011fda\u015f ve de\u011ferli y\u00f6nlerini al\u0131p kayna\u015ft\u0131rmal\u0131y\u0131z. Ama halk\u0131m\u0131z\u0131 a\u015fa\u011f\u0131layarak, ya da bizi bir millet yapan k\u00f6klerimizi keserek de\u011fil. Milletler ulu bir a\u011fa\u00e7 gibidir, ulu bir \u00e7\u0131nar, topra\u011f\u0131n \u00fcst\u00fcnde ne kadar y\u00fckselmi\u015fse, topra\u011f\u0131n alt\u0131nda da o kadar derinlere gitmi\u015f geni\u015f k\u00f6kleri vard\u0131r. Ulu bir a\u011fac\u0131n k\u00f6kleri kesilse o a\u011fac\u0131 ya\u015fatmak ve topra\u011f\u0131n \u00fcst\u00fcnde dik tutmak m\u00fcmk\u00fcn de\u011fil. Bir milletin k\u00f6kleri de milli tarihidir, adet-gelenekleri ve inan\u00e7lar\u0131d\u0131r. Ger\u00e7ek yenilik, ancak ge\u00e7mi\u015fi bilenlerden \u00e7\u0131kar ve kaynaklara d\u00f6n\u00fc\u015fle ba\u015flar. En b\u00fcy\u00fck erdem, i\u00e7inde bulundu\u011fumuz durumu bilip, de\u011ferlendirip, g\u00fcce \u00e7evirip, basamak yap\u0131p daha \u00e7a\u011fda\u015f ve geli\u015fmi\u015f bir duruma ta\u015f\u0131makt\u0131r.<\/p>\n","protected":false},"excerpt":{"rendered":"<p>Yenilik, s\u0131n\u0131rlar\u0131 a\u015fman\u0131n anahtar\u0131 ve gelece\u011fi \u015fekillendiren g\u00fc\u00e7t\u00fcr. Ad\u0131mlar\u0131 cesaretle atmak ve yeni ufuklara ilerlemektir. Yenilik\u00e7ilik rekabet etmek i\u00e7in de\u011fil, oyunun kurallar\u0131n\u0131 de\u011fi\u015ftirmek i\u00e7in \u00e7al\u0131\u015fmakt\u0131r. Herkesin g\u00f6rd\u00fc\u011f\u00fcn\u00fc g\u00f6r\u00fcp ama kimsenin d\u00fc\u015f\u00fcnmedi\u011fini d\u00fc\u015f\u00fcnmektir. Gelece\u011fi tahmin etmek yerine, gelece\u011fi yaratmakt\u0131r. Yapt\u0131klar\u0131m\u0131z kadar, yapmad\u0131klar\u0131m\u0131zdan da gurur duymakt\u0131r, binlerce \u015feye hay\u0131r demektir. D\u00fc\u015f\u00fcnd\u00fc\u011f\u00fcnden daha b\u00fcy\u00fck d\u00fc\u015f\u00fcnmektir. Her krizi bir [&hellip;]<\/p>\n","protected":false},"author":1,"featured_media":0,"parent":229,"menu_order":0,"comment_status":"open","ping_status":"closed","template":"danulduzu","meta":{"footnotes":""},"class_list":["post-300","page","type-page","status-publish","hentry"],"_links":{"self":[{"href":"https:\/\/www.guneyazerbaycan.org\/tr\/wp-json\/wp\/v2\/pages\/300","targetHints":{"allow":["GET"]}}],"collection":[{"href":"https:\/\/www.guneyazerbaycan.org\/tr\/wp-json\/wp\/v2\/pages"}],"about":[{"href":"https:\/\/www.guneyazerbaycan.org\/tr\/wp-json\/wp\/v2\/types\/page"}],"author":[{"embeddable":true,"href":"https:\/\/www.guneyazerbaycan.org\/tr\/wp-json\/wp\/v2\/users\/1"}],"replies":[{"embeddable":true,"href":"https:\/\/www.guneyazerbaycan.org\/tr\/wp-json\/wp\/v2\/comments?post=300"}],"version-history":[{"count":4,"href":"https:\/\/www.guneyazerbaycan.org\/tr\/wp-json\/wp\/v2\/pages\/300\/revisions"}],"predecessor-version":[{"id":529,"href":"https:\/\/www.guneyazerbaycan.org\/tr\/wp-json\/wp\/v2\/pages\/300\/revisions\/529"}],"up":[{"embeddable":true,"href":"https:\/\/www.guneyazerbaycan.org\/tr\/wp-json\/wp\/v2\/pages\/229"}],"wp:attachment":[{"href":"https:\/\/www.guneyazerbaycan.org\/tr\/wp-json\/wp\/v2\/media?parent=300"}],"curies":[{"name":"wp","href":"https:\/\/api.w.org\/{rel}","templated":true}]}}