{"id":306,"date":"2025-01-03T21:40:38","date_gmt":"2025-01-03T21:40:38","guid":{"rendered":"https:\/\/www.guneyazerbaycan.org\/?page_id=306"},"modified":"2025-02-02T16:06:25","modified_gmt":"2025-02-02T16:06:25","slug":"teskilatcilik","status":"publish","type":"page","link":"https:\/\/www.guneyazerbaycan.org\/tr\/dan-ulduzu\/ilkeler\/teskilatcilik\/","title":{"rendered":"Te\u015fkilat\u00e7\u0131l\u0131k"},"content":{"rendered":"\n<p>T\u00fcrk\u00fcn en \u00f6nemli vasf\u0131 \u00f6rg\u00fct\u00e7\u00fcl\u00fckt\u00fcr. \u00d6rg\u00fct\u00e7\u00fcl\u00fck dayan\u0131\u015fman\u0131n, verimlili\u011fin ve ba\u015far\u0131n\u0131n anahtar\u0131d\u0131r. \u00d6rg\u00fct\u00e7\u00fcl\u00fck, yolumuzu belirleyen ve bizi birlikte harekete ge\u00e7irip, zafere g\u00f6t\u00fcren ilkedir. \u00d6rg\u00fct olmak, ayn\u0131 de\u011ferleri payla\u015farak ortak bir hedefe kilitlenmektir. \u00d6rg\u00fct, belirli bir d\u00fczen ile kurulmu\u015f kurumsal bir sistem ve sorumluluk-yetkilerin nas\u0131l payla\u015f\u0131laca\u011f\u0131n\u0131 belirleyen mekanizman\u0131n ad\u0131d\u0131r. \u00d6rg\u00fct\u00e7\u00fcl\u00fc\u011fe harcad\u0131\u011f\u0131m\u0131z her dakika, bize bir saat kazand\u0131r\u0131r. Yani \u00f6rg\u00fct\u00e7\u00fcl\u00fck bir l\u00fcks ve se\u00e7enek de\u011fil, hayatta kalma ba\u015far\u0131s\u0131 ve bir ihtiya\u00e7t\u0131r. Art\u0131k pehlivan ve s\u00fcpermenlerin zaman\u0131 ge\u00e7mi\u015ftir, bug\u00fcn\u00fcn \u015fartlar\u0131nda, yaln\u0131zca \u00f6rg\u00fct ve tak\u0131m \u00e7al\u0131\u015fmas\u0131 ile ba\u015far\u0131 elde edilebilir. Hedefe ula\u015fman\u0131n yolu g\u00fc\u00e7ten, g\u00fcc\u00fcn yolu ise, \u00f6rg\u00fctlenmekten ge\u00e7er. \u00d6rg\u00fct\u00e7\u00fcl\u00fck bize azim ile \u00e7al\u0131\u015fman\u0131n g\u00fcc\u00fcn\u00fc verir ve neler ba\u015farabilece\u011fimizi \u00f6\u011fretir.<\/p>\n\n\n\n<p>Her \u00f6rg\u00fct\u00fcn, bir ruhu ve akl\u0131 olur. \u00d6rg\u00fct ruhu, insanlar\u0131n egolar\u0131n\u0131 ikinci plana at\u0131p \u00f6rg\u00fct\u00fcn ba\u015far\u0131s\u0131 i\u00e7in m\u00fccadele etmektir. \u00d6rg\u00fct akl\u0131 ise, bilgi payla\u015f\u0131m\u0131, i\u015f birli\u011fi ve stratejik d\u00fc\u015f\u00fcnceden do\u011fan kolektif zeka ve karar verme yetene\u011fidir. \u00d6rg\u00fct\u00fcn akl\u0131 \u00f6rg\u00fctteki insanlar\u0131n akl\u0131ndan daha b\u00fcy\u00fck olur ve onun ruhu bize sonsuz bir hayal g\u00fcc\u00fc verir. Ba\u015far\u0131l\u0131 bir hareket ile ba\u015far\u0131s\u0131z hareketlerin fark\u0131, g\u00fc\u00e7 ya da bilgi eksikli\u011finde de\u011fil, \u00f6rg\u00fct eksikli\u011findedir. \u00d6rg\u00fct ruhu ve dayan\u0131\u015fma, az g\u00fc\u00e7 ile b\u00fcy\u00fck i\u015fler yapman\u0131n tek ve de\u011fi\u015fmez \u00e7aresidir. \u00d6rg\u00fct ve dayan\u0131\u015fma olmayan yerde, i\u00e7ten i\u00e7e bir \u00e7eki\u015fme olur.<\/p>\n\n\n\n<p>Bir araya gelmek ba\u015flang\u0131\u00e7t\u0131r ve bir grup yarat\u0131r. Grup arkada\u015fl\u0131k ve tan\u0131\u015fl\u0131k ile kurulur ve daha esnektir. Ancak bir arada durup, \u00f6rg\u00fctlenip, sorumluluk \u00fcstlenip, birlikte \u00e7al\u0131\u015fmak, bir erdemdir. Tek ba\u015f\u0131na ya da k\u00fc\u00e7\u00fck gruplar ile, ancak k\u00fc\u00e7\u00fck ve taktiksel ba\u015far\u0131lara g\u00fcc\u00fcm\u00fcz yeter. Vatan\u0131 kurtar\u0131p, milli devlet kurup iktidar\u0131 ele ge\u00e7irmek ise, ancak sa\u011flam \u00f6rg\u00fctlenmekten ge\u00e7er. \u00d6rg\u00fct ruhu, para ile sat\u0131n al\u0131nmaz. Para, insanlar\u0131n i\u015flerini g\u00f6r\u00fcp hayatlar\u0131n\u0131 s\u00fcrd\u00fcrmek i\u00e7in bir ara\u00e7t\u0131r ama onlar\u0131 bir \u00f6rg\u00fct yapmak i\u00e7in yeterli de\u011fildir. \u00d6rg\u00fct, yaln\u0131z \u00fcyeler ile de\u011fil, onlar\u0131 birbirine ba\u011flayan g\u00f6r\u00fcnmez ba\u011flarla kurulur. Bu ba\u011flar\u0131 kurabilmek i\u00e7in onlar\u0131 heyecanland\u0131ran bir ama\u00e7, \u015feffaf bir d\u00fczen ve adil bir g\u00f6rev-yetki sistemi ve emek ba\u011f\u0131 olmal\u0131d\u0131r. Bir \u00f6rg\u00fctte bu \u00f6zellikler olursa, t\u00fcm imkans\u0131zl\u0131klara ra\u011fmen ba\u015far\u0131l\u0131 olur. \u00c7\u00fcnk\u00fc b\u00f6yle bir \u00f6rg\u00fct ile \u00e7al\u0131\u015ft\u0131\u011f\u0131m\u0131zda, daha g\u00fc\u00e7l\u00fc \u00f6zelliklere ve etkiye sahip oluruz. Onlar da hedefe giden yolumuzu k\u0131saltan en g\u00fc\u00e7l\u00fc silah\u0131m\u0131z olur. D\u00fc\u015fmanlar\u0131m\u0131z\u0131n en korktu\u011fu \u015fey de, i\u015fte do\u011fru \u00f6rg\u00fct\u00e7\u00fcl\u00fck sayesinde elde edece\u011fimiz bu silah ve g\u00fc\u00e7t\u00fcr.<\/p>\n\n\n\n<p>Her G\u00fcney Azerbaycan milli aktivisti \u00f6rg\u00fct kurmay\u0131, oldu\u011fu yerden ba\u015flamal\u0131d\u0131r. \u00d6rg\u00fct olmak bir yolculuktur, hedef de\u011fil. Bu yolculu\u011fa girmek i\u00e7in bir vizyona ihtiyac\u0131m\u0131z var bir de cesarete, m\u00fckemmel olmaya ihtiyac\u0131m\u0131z yok. Neredeyseniz, oradan ba\u015flay\u0131n, elinizde olanlar\u0131 kullan\u0131n, elinizden gelen i\u015fi yap\u0131n. Oldu\u011funuz okul, \u00fcniversite, i\u015f yeri, mahalle ve \u015fehirde, milli d\u00fc\u015f\u00fcnceli insanlar\u0131 bulup, onlarla ileti\u015fime ge\u00e7ip grupla\u015f\u0131p sonra \u00f6rg\u00fctlenin. \u00d6rg\u00fctte sorumluluk \u00fcstlenmeye g\u00f6n\u00fcll\u00fc olun ve verilen g\u00f6revleri kusursuz \u015fekilde yerine getirip, takip edin. Hareketimizin varl\u0131\u011f\u0131, s\u00fcreklili\u011fine ba\u011fl\u0131d\u0131r. \u0130hmalkarl\u0131k, disiplinsizlik ve metotsuzluktan uzak olun. Uzakta hayal gibi duran bir \u015feyi g\u00f6rmeye \u00e7al\u0131\u015fmak yerine, \u00f6n\u00fcn\u00fczde a\u00e7\u0131k\u00e7a duran i\u015fi g\u00f6r\u00fcn. Sizinle \u00e7al\u0131\u015fan milli aktivistlere g\u00fcvenin, onlara bir i\u015fi nas\u0131l yapacaklar\u0131n\u0131 anlatmak yerine ne i\u015f yapacaklar\u0131n\u0131 anlat\u0131p, onlar\u0131n yarat\u0131c\u0131l\u0131klar\u0131na f\u0131rsat verin.<\/p>\n","protected":false},"excerpt":{"rendered":"<p>T\u00fcrk\u00fcn en \u00f6nemli vasf\u0131 \u00f6rg\u00fct\u00e7\u00fcl\u00fckt\u00fcr. \u00d6rg\u00fct\u00e7\u00fcl\u00fck dayan\u0131\u015fman\u0131n, verimlili\u011fin ve ba\u015far\u0131n\u0131n anahtar\u0131d\u0131r. \u00d6rg\u00fct\u00e7\u00fcl\u00fck, yolumuzu belirleyen ve bizi birlikte harekete ge\u00e7irip, zafere g\u00f6t\u00fcren ilkedir. \u00d6rg\u00fct olmak, ayn\u0131 de\u011ferleri payla\u015farak ortak bir hedefe kilitlenmektir. \u00d6rg\u00fct, belirli bir d\u00fczen ile kurulmu\u015f kurumsal bir sistem ve sorumluluk-yetkilerin nas\u0131l payla\u015f\u0131laca\u011f\u0131n\u0131 belirleyen mekanizman\u0131n ad\u0131d\u0131r. \u00d6rg\u00fct\u00e7\u00fcl\u00fc\u011fe harcad\u0131\u011f\u0131m\u0131z her dakika, bize bir saat kazand\u0131r\u0131r. [&hellip;]<\/p>\n","protected":false},"author":1,"featured_media":0,"parent":229,"menu_order":0,"comment_status":"open","ping_status":"closed","template":"danulduzu","meta":{"footnotes":""},"class_list":["post-306","page","type-page","status-publish","hentry"],"_links":{"self":[{"href":"https:\/\/www.guneyazerbaycan.org\/tr\/wp-json\/wp\/v2\/pages\/306","targetHints":{"allow":["GET"]}}],"collection":[{"href":"https:\/\/www.guneyazerbaycan.org\/tr\/wp-json\/wp\/v2\/pages"}],"about":[{"href":"https:\/\/www.guneyazerbaycan.org\/tr\/wp-json\/wp\/v2\/types\/page"}],"author":[{"embeddable":true,"href":"https:\/\/www.guneyazerbaycan.org\/tr\/wp-json\/wp\/v2\/users\/1"}],"replies":[{"embeddable":true,"href":"https:\/\/www.guneyazerbaycan.org\/tr\/wp-json\/wp\/v2\/comments?post=306"}],"version-history":[{"count":4,"href":"https:\/\/www.guneyazerbaycan.org\/tr\/wp-json\/wp\/v2\/pages\/306\/revisions"}],"predecessor-version":[{"id":530,"href":"https:\/\/www.guneyazerbaycan.org\/tr\/wp-json\/wp\/v2\/pages\/306\/revisions\/530"}],"up":[{"embeddable":true,"href":"https:\/\/www.guneyazerbaycan.org\/tr\/wp-json\/wp\/v2\/pages\/229"}],"wp:attachment":[{"href":"https:\/\/www.guneyazerbaycan.org\/tr\/wp-json\/wp\/v2\/media?parent=306"}],"curies":[{"name":"wp","href":"https:\/\/api.w.org\/{rel}","templated":true}]}}