{"id":311,"date":"2025-01-03T21:46:12","date_gmt":"2025-01-03T21:46:12","guid":{"rendered":"https:\/\/www.guneyazerbaycan.org\/?page_id=311"},"modified":"2025-02-02T16:07:16","modified_gmt":"2025-02-02T16:07:16","slug":"guney-azerbaycan-milli-hereketi-stratejileri","status":"publish","type":"page","link":"https:\/\/www.guneyazerbaycan.org\/tr\/dan-ulduzu\/guney-azerbaycan-milli-hereketi-stratejileri\/","title":{"rendered":"Strateji"},"content":{"rendered":"\n<p>Strateji, belirli ilkeler ile amaca ula\u015fman\u0131n yolunu g\u00f6steren bilin\u00e7li ve bilin\u00e7li bir yol plan\u0131d\u0131r. Strateji bir d\u00fc\u015f\u00fcnce tarz\u0131, karar verme \u015fablonu ve sava\u015f sanat\u0131d\u0131r. G\u00fcnl\u00fck faaliyetlerin \u00fczerine \u00e7\u0131k\u0131p, b\u00fcy\u00fck manzaray\u0131 ve ufuktan sonras\u0131n\u0131 g\u00f6r\u00fcp, uzun vadeli ba\u015far\u0131 kazanmakt\u0131r. Uzakta olan \u015feyleri yak\u0131ndaym\u0131\u015f gibi g\u00f6r\u00fcp, yak\u0131ndakine uzaktan bakmakt\u0131r. Planlaman\u0131n ba\u015flang\u0131\u00e7 noktas\u0131d\u0131r. Bir hedefe giden yolu ve plan\u0131 d\u00fc\u015f\u00fcn\u00fcp, plana sad\u0131k kalmakt\u0131r. Kazan\u0131rken bile plan\u0131 g\u00f6lgede b\u0131rakmamakt\u0131r. Neler yapaca\u011f\u0131m\u0131z kadar neler yapmayaca\u011f\u0131m\u0131z\u0131 da bilmektir. Gereksiz olan\u0131 ortadan kald\u0131r\u0131p, gerekli olana odaklanmakt\u0131r.<\/p>\n\n\n\n<p>Stratejisiz sava\u015f, yenilgiden \u00f6nceki bir g\u00fcr\u00fclt\u00fcd\u00fcr. Stratejisi olmayan, d\u00fc\u015fman\u0131n plan\u0131n\u0131n bir par\u00e7as\u0131 olur. D\u00fc\u015fman\u0131n plan\u0131n\u0131n bir par\u00e7as\u0131 olup, g\u00fc\u00e7lenmesine yol a\u00e7an\u0131n da kendisi yok olur. Stratejide \u00e7\u0131kmaza giren bir hareketi, hi\u00e7bir ilke, taktik ve eylem kurtaramaz, ama en g\u00fc\u00e7l\u00fc strateji de, kendi kendini icra edemez. Hedefe ula\u015fmak i\u00e7in isteyip, inan\u0131p, hayal edip, tasarlay\u0131p, planlay\u0131p ve cesaretle harekete ge\u00e7meliyiz. Bu d\u00fcnya bize d\u00fc\u015f\u00fcncelerimiz kadar de\u011fil, hareketimiz kadar verir.<\/p>\n","protected":false},"excerpt":{"rendered":"<p>Strateji, belirli ilkeler ile amaca ula\u015fman\u0131n yolunu g\u00f6steren bilin\u00e7li ve bilin\u00e7li bir yol plan\u0131d\u0131r. Strateji bir d\u00fc\u015f\u00fcnce tarz\u0131, karar verme \u015fablonu ve sava\u015f sanat\u0131d\u0131r. G\u00fcnl\u00fck faaliyetlerin \u00fczerine \u00e7\u0131k\u0131p, b\u00fcy\u00fck manzaray\u0131 ve ufuktan sonras\u0131n\u0131 g\u00f6r\u00fcp, uzun vadeli ba\u015far\u0131 kazanmakt\u0131r. Uzakta olan \u015feyleri yak\u0131ndaym\u0131\u015f gibi g\u00f6r\u00fcp, yak\u0131ndakine uzaktan bakmakt\u0131r. Planlaman\u0131n ba\u015flang\u0131\u00e7 noktas\u0131d\u0131r. Bir hedefe giden yolu ve [&hellip;]<\/p>\n","protected":false},"author":1,"featured_media":0,"parent":21,"menu_order":0,"comment_status":"open","ping_status":"closed","template":"danulduzu","meta":{"footnotes":""},"class_list":["post-311","page","type-page","status-publish","hentry"],"_links":{"self":[{"href":"https:\/\/www.guneyazerbaycan.org\/tr\/wp-json\/wp\/v2\/pages\/311","targetHints":{"allow":["GET"]}}],"collection":[{"href":"https:\/\/www.guneyazerbaycan.org\/tr\/wp-json\/wp\/v2\/pages"}],"about":[{"href":"https:\/\/www.guneyazerbaycan.org\/tr\/wp-json\/wp\/v2\/types\/page"}],"author":[{"embeddable":true,"href":"https:\/\/www.guneyazerbaycan.org\/tr\/wp-json\/wp\/v2\/users\/1"}],"replies":[{"embeddable":true,"href":"https:\/\/www.guneyazerbaycan.org\/tr\/wp-json\/wp\/v2\/comments?post=311"}],"version-history":[{"count":5,"href":"https:\/\/www.guneyazerbaycan.org\/tr\/wp-json\/wp\/v2\/pages\/311\/revisions"}],"predecessor-version":[{"id":531,"href":"https:\/\/www.guneyazerbaycan.org\/tr\/wp-json\/wp\/v2\/pages\/311\/revisions\/531"}],"up":[{"embeddable":true,"href":"https:\/\/www.guneyazerbaycan.org\/tr\/wp-json\/wp\/v2\/pages\/21"}],"wp:attachment":[{"href":"https:\/\/www.guneyazerbaycan.org\/tr\/wp-json\/wp\/v2\/media?parent=311"}],"curies":[{"name":"wp","href":"https:\/\/api.w.org\/{rel}","templated":true}]}}